{"id":64,"date":"2018-09-10T14:21:42","date_gmt":"2018-09-10T14:21:42","guid":{"rendered":"http:\/\/demo.cocobasic.com\/seppo-wp\/?page_id=64"},"modified":"2020-10-16T07:54:11","modified_gmt":"2020-10-16T07:54:11","slug":"tarification","status":"publish","type":"page","link":"https:\/\/www.siopack.eu\/fr\/pricing\/","title":{"rendered":"Tarification"},"content":{"rendered":"<div data-elementor-type=\"wp-post\" data-elementor-id=\"64\" class=\"elementor elementor-64\" data-elementor-post-type=\"page\">\n\t\t\t\t\t\t<section class=\"elementor-section elementor-top-section elementor-element elementor-element-1e5fb0db elementor-section-boxed elementor-section-height-default elementor-section-height-default\" data-id=\"1e5fb0db\" data-element_type=\"section\" data-e-type=\"section\">\n\t\t\t\t\t\t<div class=\"elementor-container elementor-column-gap-default\">\n\t\t\t\t\t<div class=\"elementor-column elementor-col-100 elementor-top-column elementor-element elementor-element-31164fe2\" data-id=\"31164fe2\" data-element_type=\"column\" data-e-type=\"column\">\n\t\t\t<div class=\"elementor-widget-wrap elementor-element-populated\">\n\t\t\t\t\t\t<div class=\"elementor-element elementor-element-12c04dd3 elementor-widget elementor-widget-text-editor\" data-id=\"12c04dd3\" data-element_type=\"widget\" data-e-type=\"widget\" data-widget_type=\"text-editor.default\">\n\t\t\t\t<div class=\"elementor-widget-container\">\n\t\t\t\t\t\t\t\t\t<p>09<\/p>\t\t\t\t\t\t\t\t<\/div>\n\t\t\t\t<\/div>\n\t\t\t\t<div class=\"elementor-element elementor-element-41015889 elementor-widget__width-auto elementor-widget elementor-widget-heading\" data-id=\"41015889\" data-element_type=\"widget\" data-e-type=\"widget\" data-widget_type=\"heading.default\">\n\t\t\t\t<div class=\"elementor-widget-container\">\n\t\t\t\t\t<h2 class=\"elementor-heading-title elementor-size-default\">PRICING<\/h2>\t\t\t\t<\/div>\n\t\t\t\t<\/div>\n\t\t\t\t<div class=\"elementor-element elementor-element-366d3ecb elementor-widget elementor-widget-text-editor\" data-id=\"366d3ecb\" data-element_type=\"widget\" data-e-type=\"widget\" data-widget_type=\"text-editor.default\">\n\t\t\t\t<div class=\"elementor-widget-container\">\n\t\t\t\t\t\t\t\t\t<p>CHOSE PLAN<\/p>\t\t\t\t\t\t\t\t<\/div>\n\t\t\t\t<\/div>\n\t\t\t\t\t<\/div>\n\t\t<\/div>\n\t\t\t\t\t<\/div>\n\t\t<\/section>\n\t\t\t\t<section class=\"elementor-section elementor-top-section elementor-element elementor-element-e70475 elementor-section-boxed elementor-section-height-default elementor-section-height-default\" data-id=\"e70475\" data-element_type=\"section\" data-e-type=\"section\">\n\t\t\t\t\t\t<div class=\"elementor-container elementor-column-gap-default\">\n\t\t\t\t\t<div class=\"elementor-column elementor-col-100 elementor-top-column elementor-element elementor-element-1c118009\" data-id=\"1c118009\" data-element_type=\"column\" data-e-type=\"column\">\n\t\t\t<div class=\"elementor-widget-wrap elementor-element-populated\">\n\t\t\t\t\t\t<div class=\"elementor-element elementor-element-5325bc61 elementor-widget elementor-widget-spacer\" data-id=\"5325bc61\" data-element_type=\"widget\" data-e-type=\"widget\" data-widget_type=\"spacer.default\">\n\t\t\t\t<div class=\"elementor-widget-container\">\n\t\t\t\t\t\t\t<div class=\"elementor-spacer\">\n\t\t\t<div class=\"elementor-spacer-inner\"><\/div>\n\t\t<\/div>\n\t\t\t\t\t\t<\/div>\n\t\t\t\t<\/div>\n\t\t\t\t\t<\/div>\n\t\t<\/div>\n\t\t\t\t\t<\/div>\n\t\t<\/section>\n\t\t\t\t<section class=\"elementor-section elementor-top-section elementor-element elementor-element-4e815553 elementor-section-boxed elementor-section-height-default elementor-section-height-default\" data-id=\"4e815553\" data-element_type=\"section\" data-e-type=\"section\">\n\t\t\t\t\t\t<div class=\"elementor-container elementor-column-gap-wider\">\n\t\t\t\t\t<div class=\"elementor-column elementor-col-33 elementor-top-column elementor-element elementor-element-2c67557\" data-id=\"2c67557\" data-element_type=\"column\" data-e-type=\"column\">\n\t\t\t<div class=\"elementor-widget-wrap elementor-element-populated\">\n\t\t\t\t\t\t<div class=\"elementor-element elementor-element-493558e3 elementor-widget elementor-widget-coco-pricing\" data-id=\"493558e3\" data-element_type=\"widget\" data-e-type=\"widget\" data-widget_type=\"coco-pricing.default\">\n\t\t\t\t<div class=\"elementor-widget-container\">\n\t\t\t\t\t<div class=\"pricing-table\">\n    <div class=\"pricing-table-header\">\n        <div class=\"pricing-table-title\">BASIC<\/div>                                                \n    <\/div>\n    <div class=\"pricing-wrapper\">  \n        <div class=\"pricing-table-price\">$25<\/div><div class=\"pricing-table-desc\">PER MONTH<\/div><div class=\"pricing-table-content-holder\"><ul><li class=\"pricing-list included-yes\"><span class=\"fa fa-check\" aria-hidden=\"true\"><\/span>\nSupport illimit\u00e9\n<\/li>\n\n<li class=\"pricing-list included-yes\"><span class=\"fa fa-check\" aria-hidden=\"true\"><\/span>\n5GB d'espace serveur\n<\/li>\n\n<li class=\"pricing-list included-yes\"><span class=\"fa fa-check\" aria-hidden=\"true\"><\/span>\n2 utilisateurs par projet\n<\/li>\n\n<li class=\"pricing-list included-no\"><span class=\"fa fa-check\" aria-hidden=\"true\"><\/span>\nInt\u00e9gration de l'e-mail\n<\/li>\n\n<li class=\"pricing-list included-no\"><span class=\"fa fa-check\" aria-hidden=\"true\"><\/span>\nT\u00e9l\u00e9chargement illimit\u00e9\n<\/li><\/ul><\/div><div class=\"pricing-button\"><a class=\"button scroll\" href=\"#\"  >CHOOSE PLAN<\/a><\/div>    <\/div>\n<\/div>\n\n\t\t\t\t<\/div>\n\t\t\t\t<\/div>\n\t\t\t\t\t<\/div>\n\t\t<\/div>\n\t\t\t\t<div class=\"elementor-column elementor-col-33 elementor-top-column elementor-element elementor-element-71892202\" data-id=\"71892202\" data-element_type=\"column\" data-e-type=\"column\">\n\t\t\t<div class=\"elementor-widget-wrap elementor-element-populated\">\n\t\t\t\t\t\t<div class=\"elementor-element elementor-element-6ec0402d elementor-widget elementor-widget-coco-pricing\" data-id=\"6ec0402d\" data-element_type=\"widget\" data-e-type=\"widget\" data-widget_type=\"coco-pricing.default\">\n\t\t\t\t<div class=\"elementor-widget-container\">\n\t\t\t\t\t<div class=\"pricing-table\">\n    <div class=\"pricing-table-header\">\n        <div class=\"pricing-table-title\">ADVANCED<\/div>                                                \n    <\/div>\n    <div class=\"pricing-wrapper\">  \n        <div class=\"pricing-table-price\">$50<\/div><div class=\"pricing-table-desc\">PER MONTH<\/div><div class=\"pricing-table-content-holder\"><ul><li class=\"pricing-list included-yes\"><span class=\"fa fa-check\" aria-hidden=\"true\"><\/span>\nSupport illimit\u00e9\n<\/li>\n\n<li class=\"pricing-list included-yes\"><span class=\"fa fa-check\" aria-hidden=\"true\"><\/span>\n5GB d'espace serveur\n<\/li>\n\n<li class=\"pricing-list included-yes\"><span class=\"fa fa-check\" aria-hidden=\"true\"><\/span>\n2 utilisateurs par projet\n<\/li>\n\n<li class=\"pricing-list included-yes\"><span class=\"fa fa-check\" aria-hidden=\"true\"><\/span>\nInt\u00e9gration de l'e-mail\n<\/li>\n\n<li class=\"pricing-list included-no\"><span class=\"fa fa-check\" aria-hidden=\"true\"><\/span>\nT\u00e9l\u00e9chargement illimit\u00e9\n<\/li><\/ul><\/div><div class=\"pricing-button\"><a class=\"button scroll\" href=\"#\"  >CHOOSE PLAN<\/a><\/div>    <\/div>\n<\/div>\n\n\t\t\t\t<\/div>\n\t\t\t\t<\/div>\n\t\t\t\t\t<\/div>\n\t\t<\/div>\n\t\t\t\t<div class=\"elementor-column elementor-col-33 elementor-top-column elementor-element elementor-element-5431e345\" data-id=\"5431e345\" data-element_type=\"column\" data-e-type=\"column\">\n\t\t\t<div class=\"elementor-widget-wrap elementor-element-populated\">\n\t\t\t\t\t\t<div class=\"elementor-element elementor-element-19dcf54d elementor-widget elementor-widget-coco-pricing\" data-id=\"19dcf54d\" data-element_type=\"widget\" data-e-type=\"widget\" data-widget_type=\"coco-pricing.default\">\n\t\t\t\t<div class=\"elementor-widget-container\">\n\t\t\t\t\t<div class=\"pricing-table\">\n    <div class=\"pricing-table-header\">\n        <div class=\"pricing-table-title\">EXPERT<\/div>                                                \n    <\/div>\n    <div class=\"pricing-wrapper\">  \n        <div class=\"pricing-table-price\">$75<\/div><div class=\"pricing-table-desc\">PER MONTH<\/div><div class=\"pricing-table-content-holder\"><ul><li class=\"pricing-list included-yes\"><span class=\"fa fa-check\" aria-hidden=\"true\"><\/span>\nSupport illimit\u00e9\n<\/li>\n\n<li class=\"pricing-list included-yes\"><span class=\"fa fa-check\" aria-hidden=\"true\"><\/span>\n5GB d'espace serveur\n<\/li>\n\n<li class=\"pricing-list included-yes\"><span class=\"fa fa-check\" aria-hidden=\"true\"><\/span>\n2 utilisateurs par projet\n<\/li>\n\n<li class=\"pricing-list included-yes\"><span class=\"fa fa-check\" aria-hidden=\"true\"><\/span>\nInt\u00e9gration de l'e-mail\n<\/li>\n\n<li class=\"pricing-list included-yes\"><span class=\"fa fa-check\" aria-hidden=\"true\"><\/span>\nT\u00e9l\u00e9chargement illimit\u00e9\n<\/li><\/ul><\/div><div class=\"pricing-button\"><a class=\"button scroll\" href=\"#\"  >CHOOSE PLAN<\/a><\/div>    <\/div>\n<\/div>\n\n\t\t\t\t<\/div>\n\t\t\t\t<\/div>\n\t\t\t\t\t<\/div>\n\t\t<\/div>\n\t\t\t\t\t<\/div>\n\t\t<\/section>\n\t\t\t\t<\/div>","protected":false},"excerpt":{"rendered":"<p>09 PRICING CHOSE PLAN BASIC $25PER MONTH Unlimited Support 5GB Server Space 2 Users per Project Email Integration Unlimited Download CHOOSE PLAN ADVANCED $50PER MONTH Unlimited Support &#8230;<\/p>","protected":false},"author":1,"featured_media":0,"parent":0,"menu_order":44,"comment_status":"closed","ping_status":"closed","template":"elementor_header_footer","meta":{"inline_featured_image":false,"_themeisle_gutenberg_block_has_review":false,"footnotes":""},"class_list":["post-64","page","type-page","status-publish","hentry"],"yoast_head":"<!-- This site is optimized with the Yoast SEO plugin v27.4 - https:\/\/yoast.com\/product\/yoast-seo-wordpress\/ -->\n<title>Pricing - NP\u00ae SiOPack\u00ae<\/title>\n<meta name=\"robots\" content=\"index, follow, max-snippet:-1, max-image-preview:large, max-video-preview:-1\" \/>\n<link rel=\"canonical\" href=\"https:\/\/www.siopack.eu\/fr\/tarification\/\" \/>\n<meta property=\"og:locale\" content=\"fr_FR\" \/>\n<meta property=\"og:type\" content=\"article\" \/>\n<meta property=\"og:title\" content=\"Pricing - NP\u00ae SiOPack\u00ae\" \/>\n<meta property=\"og:description\" content=\"09 PRICING CHOSE PLAN BASIC $25PER MONTH Unlimited Support 5GB Server Space 2 Users per Project Email Integration Unlimited Download CHOOSE PLAN ADVANCED $50PER MONTH Unlimited Support ...\" \/>\n<meta property=\"og:url\" content=\"https:\/\/www.siopack.eu\/fr\/tarification\/\" \/>\n<meta property=\"og:site_name\" content=\"NP\u00ae SiOPack\u00ae\" \/>\n<meta property=\"article:modified_time\" content=\"2020-10-16T07:54:11+00:00\" \/>\n<meta name=\"twitter:card\" content=\"summary_large_image\" \/>\n<script type=\"application\/ld+json\" class=\"yoast-schema-graph\">{\"@context\":\"https:\\\/\\\/schema.org\",\"@graph\":[{\"@type\":\"WebPage\",\"@id\":\"https:\\\/\\\/www.siopack.eu\\\/pricing\\\/\",\"url\":\"https:\\\/\\\/www.siopack.eu\\\/pricing\\\/\",\"name\":\"Pricing - NP\u00ae SiOPack\u00ae\",\"isPartOf\":{\"@id\":\"https:\\\/\\\/www.siopack.eu\\\/fr\\\/#website\"},\"datePublished\":\"2018-09-10T14:21:42+00:00\",\"dateModified\":\"2020-10-16T07:54:11+00:00\",\"breadcrumb\":{\"@id\":\"https:\\\/\\\/www.siopack.eu\\\/pricing\\\/#breadcrumb\"},\"inLanguage\":\"fr-FR\",\"potentialAction\":[{\"@type\":\"ReadAction\",\"target\":[\"https:\\\/\\\/www.siopack.eu\\\/pricing\\\/\"]}]},{\"@type\":\"BreadcrumbList\",\"@id\":\"https:\\\/\\\/www.siopack.eu\\\/pricing\\\/#breadcrumb\",\"itemListElement\":[{\"@type\":\"ListItem\",\"position\":1,\"name\":\"Start\",\"item\":\"https:\\\/\\\/www.siopack.eu\\\/\"},{\"@type\":\"ListItem\",\"position\":2,\"name\":\"Pricing\"}]},{\"@type\":\"WebSite\",\"@id\":\"https:\\\/\\\/www.siopack.eu\\\/fr\\\/#website\",\"url\":\"https:\\\/\\\/www.siopack.eu\\\/fr\\\/\",\"name\":\"NP\u00ae SiOPack\u00ae\",\"description\":\"Sustainable packaging with NP\u00ae SiOPack\u00ae\",\"publisher\":{\"@id\":\"https:\\\/\\\/www.siopack.eu\\\/fr\\\/#organization\"},\"potentialAction\":[{\"@type\":\"SearchAction\",\"target\":{\"@type\":\"EntryPoint\",\"urlTemplate\":\"https:\\\/\\\/www.siopack.eu\\\/fr\\\/?s={search_term_string}\"},\"query-input\":{\"@type\":\"PropertyValueSpecification\",\"valueRequired\":true,\"valueName\":\"search_term_string\"}}],\"inLanguage\":\"fr-FR\"},{\"@type\":\"Organization\",\"@id\":\"https:\\\/\\\/www.siopack.eu\\\/fr\\\/#organization\",\"name\":\"NP\u00ae SiOPack\u00ae\",\"url\":\"https:\\\/\\\/www.siopack.eu\\\/fr\\\/\",\"logo\":{\"@type\":\"ImageObject\",\"inLanguage\":\"fr-FR\",\"@id\":\"https:\\\/\\\/www.siopack.eu\\\/fr\\\/#\\\/schema\\\/logo\\\/image\\\/\",\"url\":\"https:\\\/\\\/www.siopack.eu\\\/wp-content\\\/uploads\\\/2022\\\/05\\\/SiOPack-Logo-weiss.svg\",\"contentUrl\":\"https:\\\/\\\/www.siopack.eu\\\/wp-content\\\/uploads\\\/2022\\\/05\\\/SiOPack-Logo-weiss.svg\",\"width\":5000,\"height\":5000,\"caption\":\"NP\u00ae SiOPack\u00ae\"},\"image\":{\"@id\":\"https:\\\/\\\/www.siopack.eu\\\/fr\\\/#\\\/schema\\\/logo\\\/image\\\/\"}}]}<\/script>\n<!-- \/ Yoast SEO plugin. -->","yoast_head_json":{"title":"Tarification - NP\u00ae SiOPack\u00ae","robots":{"index":"index","follow":"follow","max-snippet":"max-snippet:-1","max-image-preview":"max-image-preview:large","max-video-preview":"max-video-preview:-1"},"canonical":"https:\/\/www.siopack.eu\/fr\/tarification\/","og_locale":"fr_FR","og_type":"article","og_title":"Pricing - NP\u00ae SiOPack\u00ae","og_description":"09 PRICING CHOSE PLAN BASIC $25PER MONTH Unlimited Support 5GB Server Space 2 Users per Project Email Integration Unlimited Download CHOOSE PLAN ADVANCED $50PER MONTH Unlimited Support ...","og_url":"https:\/\/www.siopack.eu\/fr\/tarification\/","og_site_name":"NP\u00ae SiOPack\u00ae","article_modified_time":"2020-10-16T07:54:11+00:00","twitter_card":"summary_large_image","schema":{"@context":"https:\/\/schema.org","@graph":[{"@type":"WebPage","@id":"https:\/\/www.siopack.eu\/pricing\/","url":"https:\/\/www.siopack.eu\/pricing\/","name":"Tarification - NP\u00ae SiOPack\u00ae","isPartOf":{"@id":"https:\/\/www.siopack.eu\/fr\/#website"},"datePublished":"2018-09-10T14:21:42+00:00","dateModified":"2020-10-16T07:54:11+00:00","breadcrumb":{"@id":"https:\/\/www.siopack.eu\/pricing\/#breadcrumb"},"inLanguage":"fr-FR","potentialAction":[{"@type":"ReadAction","target":["https:\/\/www.siopack.eu\/pricing\/"]}]},{"@type":"BreadcrumbList","@id":"https:\/\/www.siopack.eu\/pricing\/#breadcrumb","itemListElement":[{"@type":"ListItem","position":1,"name":"Start","item":"https:\/\/www.siopack.eu\/"},{"@type":"ListItem","position":2,"name":"Pricing"}]},{"@type":"WebSite","@id":"https:\/\/www.siopack.eu\/fr\/#website","url":"https:\/\/www.siopack.eu\/fr\/","name":"NP\u00ae SiOPack","description":"Emballage durable avec NP\u00ae SiOPack","publisher":{"@id":"https:\/\/www.siopack.eu\/fr\/#organization"},"potentialAction":[{"@type":"SearchAction","target":{"@type":"EntryPoint","urlTemplate":"https:\/\/www.siopack.eu\/fr\/?s={search_term_string}"},"query-input":{"@type":"PropertyValueSpecification","valueRequired":true,"valueName":"search_term_string"}}],"inLanguage":"fr-FR"},{"@type":"Organization","@id":"https:\/\/www.siopack.eu\/fr\/#organization","name":"NP\u00ae SiOPack","url":"https:\/\/www.siopack.eu\/fr\/","logo":{"@type":"ImageObject","inLanguage":"fr-FR","@id":"https:\/\/www.siopack.eu\/fr\/#\/schema\/logo\/image\/","url":"https:\/\/www.siopack.eu\/wp-content\/uploads\/2022\/05\/SiOPack-Logo-weiss.svg","contentUrl":"https:\/\/www.siopack.eu\/wp-content\/uploads\/2022\/05\/SiOPack-Logo-weiss.svg","width":5000,"height":5000,"caption":"NP\u00ae SiOPack\u00ae"},"image":{"@id":"https:\/\/www.siopack.eu\/fr\/#\/schema\/logo\/image\/"}}]}},"_links":{"self":[{"href":"https:\/\/www.siopack.eu\/fr\/wp-json\/wp\/v2\/pages\/64","targetHints":{"allow":["GET"]}}],"collection":[{"href":"https:\/\/www.siopack.eu\/fr\/wp-json\/wp\/v2\/pages"}],"about":[{"href":"https:\/\/www.siopack.eu\/fr\/wp-json\/wp\/v2\/types\/page"}],"author":[{"embeddable":true,"href":"https:\/\/www.siopack.eu\/fr\/wp-json\/wp\/v2\/users\/1"}],"replies":[{"embeddable":true,"href":"https:\/\/www.siopack.eu\/fr\/wp-json\/wp\/v2\/comments?post=64"}],"version-history":[{"count":1,"href":"https:\/\/www.siopack.eu\/fr\/wp-json\/wp\/v2\/pages\/64\/revisions"}],"predecessor-version":[{"id":471,"href":"https:\/\/www.siopack.eu\/fr\/wp-json\/wp\/v2\/pages\/64\/revisions\/471"}],"wp:attachment":[{"href":"https:\/\/www.siopack.eu\/fr\/wp-json\/wp\/v2\/media?parent=64"}],"curies":[{"name":"wp","href":"https:\/\/api.w.org\/{rel}","templated":true}]}}