{"id":620,"date":"2020-10-29T15:06:27","date_gmt":"2020-10-29T15:06:27","guid":{"rendered":"https:\/\/siopack.de\/?page_id=620"},"modified":"2020-10-29T15:07:17","modified_gmt":"2020-10-29T15:07:17","slug":"datenschutz-privacy","status":"publish","type":"page","link":"https:\/\/www.siopack.eu\/fr\/datenschutz-privacy\/","title":{"rendered":"Politique de confidentialit\u00e9"},"content":{"rendered":"<div data-elementor-type=\"wp-page\" data-elementor-id=\"620\" class=\"elementor elementor-620\" data-elementor-post-type=\"page\">\n\t\t\t\t\t\t<section class=\"elementor-section elementor-top-section elementor-element elementor-element-756a6d9a elementor-section-boxed elementor-section-height-default elementor-section-height-default\" data-id=\"756a6d9a\" data-element_type=\"section\" data-e-type=\"section\">\n\t\t\t\t\t\t<div class=\"elementor-container elementor-column-gap-default\">\n\t\t\t\t\t<div class=\"elementor-column elementor-col-100 elementor-top-column elementor-element elementor-element-3c14a490\" data-id=\"3c14a490\" data-element_type=\"column\" data-e-type=\"column\">\n\t\t\t<div class=\"elementor-widget-wrap elementor-element-populated\">\n\t\t\t\t\t\t<div class=\"elementor-element elementor-element-4942276 elementor-widget elementor-widget-text-editor\" data-id=\"4942276\" data-element_type=\"widget\" data-e-type=\"widget\" data-widget_type=\"text-editor.default\">\n\t\t\t\t<div class=\"elementor-widget-container\">\n\t\t\t\t\t\t\t\t\t<h1>Politique de confidentialit\u00e9<\/h1><br \/><br \/>\n    Nous sommes heureux de vous accueillir sur notre site web et de l'int\u00e9r\u00eat que vous portez \u00e0 notre entreprise. Il est important pour nous de prot\u00e9ger vos donn\u00e9es personnelles. Les donn\u00e9es personnelles sont toutes les informations sur les personnes physiques qui sont ou peuvent \u00eatre d\u00e9termin\u00e9es sur la base de ces informations, qu'elles soient personnelles ou factuelles. Le terme \"donn\u00e9es personnelles\" comprend, par exemple, des donn\u00e9es telles que le nom, le pr\u00e9nom, l'adresse, le num\u00e9ro de t\u00e9l\u00e9phone, mais aussi, l'adresse IP compte aujourd'hui \u00e9galement parmi les donn\u00e9es personnelles.\n            <br \/><br \/>\nNous collectons et traitons des donn\u00e9es personnelles sur notre site web. Ces donn\u00e9es font l'objet d'une protection juridique, \u00e0 laquelle nous adh\u00e9rons. Dans les points suivants, nous allons vous fournir des informations sur la protection des donn\u00e9es et vous dire comment nous collectons et traitons les donn\u00e9es personnelles. Ce traitement est effectu\u00e9 conform\u00e9ment au r\u00e8glement g\u00e9n\u00e9ral sur la protection des donn\u00e9es de l'UE, \u00e0 la loi f\u00e9d\u00e9rale sur la protection des donn\u00e9es-2018 ainsi qu'\u00e0 d'autres r\u00e9glementations nationales.\nPartie responsable au sens de l'article 4, paragraphe 7, du r\u00e8glement europ\u00e9en sur la protection des donn\u00e9es.\n                            <br \/><br \/>\n                       nanopool GmbH\n                           <br \/><br \/>\n                        G\u00e9rance : Sascha Schwindt\n                            <br \/><br \/>\n                        Zum Felsacker 76 DE - 66773 Schwalbach\n    \n    <strong>Droits des personnes concern\u00e9es<\/strong>\n            <br \/><br \/>\nEn tant que personne concern\u00e9e, vous disposez de diff\u00e9rents droits en vertu du r\u00e8glement g\u00e9n\u00e9ral sur la protection des donn\u00e9es de l'UE, que vous pouvez bien entendu exercer aupr\u00e8s de notre entreprise. Veuillez nous contacter \u00e0 cet \u00e9gard en utilisant les coordonn\u00e9es ci-dessus.<br \/>\nEn tant que personne concern\u00e9e, vous disposez des droits suivants :\n            <br \/><br \/>\n<ul>\n<li>Droit \u00e0 l'information<\/li>\n<li>Droit \u00e0 la rectification<\/li>\n<li>Droit \u00e0 l'effacement (droit \u00e0 l'oubli)<\/li>\n<li>Droit \u00e0 la restriction<\/li>\n<li>Droit \u00e0 l\u2019opposition<\/li>\n<li>Droit \u00e0 la portabilit\u00e9 des donn\u00e9es<\/li>\n            <br \/>\nVous pouvez \u00e9galement retirer tout consentement qui nous a \u00e9t\u00e9 donn\u00e9 \u00e0 tout moment en utilisant les coordonn\u00e9es ci-dessus.\n<br \/><br \/>\nVous avez \u00e9galement le droit de d\u00e9poser une plainte aupr\u00e8s de l'autorit\u00e9 de surveillance qui vous concerne. L'autorit\u00e9 de surveillance comp\u00e9tente pour vous d\u00e9pend de l'\u00c9tat f\u00e9d\u00e9ral dans lequel vous r\u00e9sidez. Vous pouvez trouver une liste des autorit\u00e9s de surveillance respectives \u00e0 l'adresse suivante : https:\/\/www.bfdi.bund.de\/DE\/Infothek\/Anschriften_Links\/anschriften_links-node.html\n            <br \/><br \/><br \/><br \/>\n<strong>Suppression \/ blocage des donn\u00e9es personnelles<\/strong>\n<br \/><br \/>\nUn principe important du r\u00e8glement g\u00e9n\u00e9ral de l'UE sur la protection des donn\u00e9es est l'\u00e9vitement et la minimisation des donn\u00e9es. Notre entreprise adh\u00e8re \u00e0 ces principes et nous ne conservons les donn\u00e9es personnelles que pendant la dur\u00e9e n\u00e9cessaire aux fins pour lesquelles elles ont \u00e9t\u00e9 collect\u00e9es ou conform\u00e9ment aux d\u00e9lais de conservation l\u00e9gaux. Apr\u00e8s qu'une base correspondante a cess\u00e9 d'exister (contrat, consentement, r\u00e9glementation l\u00e9gale,...), nous supprimons ou bloquons syst\u00e9matiquement ces donn\u00e9es.\n            <br \/><br \/><br \/><br \/>\n<strong>Collecte de donn\u00e9es lors de la visite de notre site web<\/strong>\n<br \/><br \/>\nLors de l'appel de notre site web, des donn\u00e9es sont automatiquement collect\u00e9es par notre serveur et les donn\u00e9es suivantes sont enregistr\u00e9es dans les fichiers journaux de notre syst\u00e8me :\n            <br \/><br \/>\n<ul>\n<li>Type et version du navigateur<\/li>\n<li>Syst\u00e8me d'exploitation utilis\u00e9 par l'enqu\u00eateur<\/li>\n<li>Adresse IP<\/li>\n<li>Date et heure de la demande du site web<\/li>\n<li>Nom de domaine du fournisseur<\/li>\n<\/ul>\n<br \/><br \/>        \nUne attribution directe des donn\u00e9es personnelles \u00e0 un utilisateur sp\u00e9cifique n'aura pas lieu, de sorte qu'une identification des visiteurs individuels de la page n'aura pas lieu.\n\nNous collectons ces donn\u00e9es sur la base de notre int\u00e9r\u00eat l\u00e9gitime \u00e0 poursuivre l'optimisation de la technologie, \u00e0 assurer l'\u00e9tablissement de la connexion \u00e0 notre site web, \u00e0 assurer la disponibilit\u00e9 de nos services web et \u00e0 d'autres fins administratives.\n\nSi n\u00e9cessaire, les informations anonymes sont \u00e9valu\u00e9es \u00e0 des fins statistiques, ce qui ne permet pas de tirer des conclusions sur des personnes sp\u00e9cifiques ou identifiables.\n\n    <p><strong>Formulaire de contact<\/strong><\/p>\n<p> <\/p>\n<p>Vous pouvez nous contacter \u00e0 tout moment via notre formulaire de contact. Ce faisant, vous nous donnez votre consentement pour que nous puissions vous contacter. Une adresse e-mail ou un num\u00e9ro de t\u00e9l\u00e9phone correct est n\u00e9cessaire pour ce contact. Sans ces donn\u00e9es fournies par vous, il nous est impossible de vous contacter.<\/p>\n<p>Le cas \u00e9ch\u00e9ant, d'autres informations facultatives nous permettent de mieux r\u00e9pondre \u00e0 votre demande. Si nous avons trait\u00e9 votre demande et qu'il n'y a plus de raison de traiter ces donn\u00e9es, elles seront automatiquement supprim\u00e9es.<\/p><br \/><br \/><p><strong>Cookies<\/strong><\/p>\n<p> <\/p>\n<p>Des \u00ab cookies \u00bb sont \u00e9galement utilis\u00e9s sur notre site web. Les cookies sont de petits fichiers texte qui sont transf\u00e9r\u00e9s de notre syst\u00e8me \u00e0 votre disque dur. Gr\u00e2ce \u00e0 ces cookies, nous recevons automatiquement certaines informations. Il peut s'agir, par exemple, de votre adresse IP, du navigateur que vous utilisez pour acc\u00e9der \u00e0 notre site web, de votre syst\u00e8me d'exploitation et d'autres donn\u00e9es.<\/p>\n<p>Les cookies sont g\u00e9n\u00e9ralement utilis\u00e9s pour faciliter l'utilisation du site web pour l'utilisateur et pour permettre un affichage parfait de nos services. Les cookies ne peuvent pas lancer de programmes ni m\u00eame transmettre de virus \u00e0 votre syst\u00e8me.<\/p>\n<p>En aucun cas, les donn\u00e9es que nous collectons ne seront transmises \u00e0 des tiers ou associ\u00e9es \u00e0 des donn\u00e9es personnelles sans votre consentement.<\/p>\n<p>La plupart des navigateurs sont configur\u00e9s pour accepter automatiquement les cookies. Toutefois, vous pouvez d\u00e9sactiver le stockage des cookies ou param\u00e9trer votre navigateur pour qu'il vous avertisse d\u00e8s que des cookies sont envoy\u00e9s. Une fois les cookies install\u00e9s, vous pouvez les supprimer vous-m\u00eame \u00e0 tout moment en appelant l'option de menu correspondante dans votre navigateur internet ou en supprimant les cookies sur votre disque dur. Vous trouverez des d\u00e9tails \u00e0 ce sujet dans le menu d'aide de votre navigateur Internet.<\/p>\n<p> <\/p>\n<p> <\/p><br \/><br \/><p><strong>Cryptage SSL du site web<\/strong><\/p>\n<p> <\/p>\n<p>Pour prot\u00e9ger la transmission de vos donn\u00e9es, nous utilisons un cryptage appropri\u00e9 sur notre site web (par exemple SSL) via HTTPS.<\/p>\n<p> <\/p>\n<p> <\/p><br \/><br \/><strong>YouTube<\/strong>\n<br \/><br \/>\nNotre site Web int\u00e8gre des vid\u00e9os YouTube. Les clips int\u00e9gr\u00e9s placent des cookies sur l'ordinateur de l'utilisateur lorsque la page est appel\u00e9e. Les personnes qui ont d\u00e9sactiv\u00e9 l'installation de cookies pour le programme de publicit\u00e9 Google ne doivent pas s'attendre \u00e0 de tels cookies lorsqu'elles appellent des clips YouTube. Toutefois, YouTube stocke \u00e9galement des informations d'utilisation non personnelles dans d'autres cookies. Si vous voulez \u00e9viter cela, vous devez faire en sorte que le navigateur le bloque.<br \/><br \/>\n    <strong>Communication avec nous par e-mail<\/strong>\n            <br \/><br \/>\nSi vous nous contactez par e-mail et que vous nous envoyez cet e-mail non crypt\u00e9, nous ne pouvons pas garantir la s\u00e9curit\u00e9 des donn\u00e9es sur le chemin de transmission jusqu'\u00e0 nous. Si vous souhaitez nous transmettre des donn\u00e9es qui n\u00e9cessitent une protection, nous vous demandons de nous les envoyer uniquement sous forme crypt\u00e9e ou par courrier.\n            <br \/><br \/>\n<strong>Modifications de notre politique de confidentialit\u00e9<\/strong>\n            <br \/><br \/>\nModifications de notre politique de confidentialit\u00e9\nNous nous r\u00e9servons le droit de modifier notre politique de confidentialit\u00e9 \u00e0 tout moment afin de la maintenir \u00e0 jour avec nos services. Lorsque vous visitez \u00e0 nouveau notre site web, la d\u00e9claration de protection des donn\u00e9es actuelle s'applique.\n\n    <br \/><br \/><br \/><br \/>Lieu, 29 octobre 2020\n     D\u00e9claration de protection des donn\u00e9es cr\u00e9\u00e9e par le <a href=\"https:\/\/www.dsm-online.eu\" target=\"_blank\">DSM-online GmbH<\/a>\t\t\t\t\t\t\t\t<\/div>\n\t\t\t\t<\/div>\n\t\t\t\t\t<\/div>\n\t\t<\/div>\n\t\t\t\t\t<\/div>\n\t\t<\/section>\n\t\t\t\t<\/div>","protected":false},"excerpt":{"rendered":"<p>D\u00e9claration de confidentialit\u00e9 Nous sommes ravis de vous accueillir sur notre site Web et de votre int\u00e9r\u00eat pour notre entreprise. Il est tr\u00e8s important pour nous que vos...<\/p>","protected":false},"author":1,"featured_media":0,"parent":0,"menu_order":30,"comment_status":"closed","ping_status":"open","template":"","meta":{"inline_featured_image":false,"_themeisle_gutenberg_block_has_review":false,"footnotes":""},"class_list":["post-620","page","type-page","status-publish","hentry"],"yoast_head":"<!-- This site is optimized with the Yoast SEO plugin v27.2 - https:\/\/yoast.com\/product\/yoast-seo-wordpress\/ -->\n<title>Datenschutzerkl\u00e4rung - NP\u00ae SiOPack\u00ae<\/title>\n<meta name=\"robots\" content=\"index, follow, max-snippet:-1, max-image-preview:large, max-video-preview:-1\" \/>\n<link rel=\"canonical\" href=\"https:\/\/www.siopack.eu\/fr\/datenschutz-privacy\/\" \/>\n<meta property=\"og:locale\" content=\"fr_FR\" \/>\n<meta property=\"og:type\" content=\"article\" \/>\n<meta property=\"og:title\" content=\"Datenschutzerkl\u00e4rung - NP\u00ae SiOPack\u00ae\" \/>\n<meta property=\"og:description\" content=\"Datenschutzerkl\u00e4rung Wir freuen uns Sie auf unserer Webseite begr\u00fc\u00dfen zu d\u00fcrfen und das Sie Interesse an unserem Unternehmen haben. Dabei ist es uns ein wichtiges Anliegen Ihre ...\" \/>\n<meta property=\"og:url\" content=\"https:\/\/www.siopack.eu\/fr\/datenschutz-privacy\/\" \/>\n<meta property=\"og:site_name\" content=\"NP\u00ae SiOPack\u00ae\" \/>\n<meta property=\"article:modified_time\" content=\"2020-10-29T15:07:17+00:00\" \/>\n<meta name=\"twitter:card\" content=\"summary_large_image\" \/>\n<meta name=\"twitter:label1\" content=\"Dur\u00e9e de lecture estim\u00e9e\" \/>\n\t<meta name=\"twitter:data1\" content=\"5 minutes\" \/>\n<script type=\"application\/ld+json\" class=\"yoast-schema-graph\">{\"@context\":\"https:\/\/schema.org\",\"@graph\":[{\"@type\":\"WebPage\",\"@id\":\"https:\/\/www.siopack.eu\/datenschutz-privacy\/\",\"url\":\"https:\/\/www.siopack.eu\/datenschutz-privacy\/\",\"name\":\"Datenschutzerkl\u00e4rung - NP\u00ae SiOPack\u00ae\",\"isPartOf\":{\"@id\":\"https:\/\/www.siopack.eu\/fr\/#website\"},\"datePublished\":\"2020-10-29T15:06:27+00:00\",\"dateModified\":\"2020-10-29T15:07:17+00:00\",\"breadcrumb\":{\"@id\":\"https:\/\/www.siopack.eu\/datenschutz-privacy\/#breadcrumb\"},\"inLanguage\":\"fr-FR\",\"potentialAction\":[{\"@type\":\"ReadAction\",\"target\":[\"https:\/\/www.siopack.eu\/datenschutz-privacy\/\"]}]},{\"@type\":\"BreadcrumbList\",\"@id\":\"https:\/\/www.siopack.eu\/datenschutz-privacy\/#breadcrumb\",\"itemListElement\":[{\"@type\":\"ListItem\",\"position\":1,\"name\":\"Start\",\"item\":\"https:\/\/www.siopack.eu\/\"},{\"@type\":\"ListItem\",\"position\":2,\"name\":\"Datenschutzerkl\u00e4rung\"}]},{\"@type\":\"WebSite\",\"@id\":\"https:\/\/www.siopack.eu\/fr\/#website\",\"url\":\"https:\/\/www.siopack.eu\/fr\/\",\"name\":\"NP\u00ae SiOPack\u00ae\",\"description\":\"Sustainable packaging with NP\u00ae SiOPack\u00ae\",\"publisher\":{\"@id\":\"https:\/\/www.siopack.eu\/fr\/#organization\"},\"potentialAction\":[{\"@type\":\"SearchAction\",\"target\":{\"@type\":\"EntryPoint\",\"urlTemplate\":\"https:\/\/www.siopack.eu\/fr\/?s={search_term_string}\"},\"query-input\":{\"@type\":\"PropertyValueSpecification\",\"valueRequired\":true,\"valueName\":\"search_term_string\"}}],\"inLanguage\":\"fr-FR\"},{\"@type\":\"Organization\",\"@id\":\"https:\/\/www.siopack.eu\/fr\/#organization\",\"name\":\"NP\u00ae SiOPack\u00ae\",\"url\":\"https:\/\/www.siopack.eu\/fr\/\",\"logo\":{\"@type\":\"ImageObject\",\"inLanguage\":\"fr-FR\",\"@id\":\"https:\/\/www.siopack.eu\/fr\/#\/schema\/logo\/image\/\",\"url\":\"https:\/\/www.siopack.eu\/wp-content\/uploads\/2022\/05\/SiOPack-Logo-weiss.svg\",\"contentUrl\":\"https:\/\/www.siopack.eu\/wp-content\/uploads\/2022\/05\/SiOPack-Logo-weiss.svg\",\"width\":5000,\"height\":5000,\"caption\":\"NP\u00ae SiOPack\u00ae\"},\"image\":{\"@id\":\"https:\/\/www.siopack.eu\/fr\/#\/schema\/logo\/image\/\"}}]}<\/script>\n<!-- \/ Yoast SEO plugin. -->","yoast_head_json":{"title":"D\u00e9claration de confidentialit\u00e9 - NP\u00ae SiOPack\u00ae","robots":{"index":"index","follow":"follow","max-snippet":"max-snippet:-1","max-image-preview":"max-image-preview:large","max-video-preview":"max-video-preview:-1"},"canonical":"https:\/\/www.siopack.eu\/fr\/datenschutz-privacy\/","og_locale":"fr_FR","og_type":"article","og_title":"Datenschutzerkl\u00e4rung - NP\u00ae SiOPack\u00ae","og_description":"Datenschutzerkl\u00e4rung Wir freuen uns Sie auf unserer Webseite begr\u00fc\u00dfen zu d\u00fcrfen und das Sie Interesse an unserem Unternehmen haben. Dabei ist es uns ein wichtiges Anliegen Ihre ...","og_url":"https:\/\/www.siopack.eu\/fr\/datenschutz-privacy\/","og_site_name":"NP\u00ae SiOPack\u00ae","article_modified_time":"2020-10-29T15:07:17+00:00","twitter_card":"summary_large_image","twitter_misc":{"Dur\u00e9e de lecture estim\u00e9e":"5 minutes"},"schema":{"@context":"https:\/\/schema.org","@graph":[{"@type":"WebPage","@id":"https:\/\/www.siopack.eu\/datenschutz-privacy\/","url":"https:\/\/www.siopack.eu\/datenschutz-privacy\/","name":"D\u00e9claration de confidentialit\u00e9 - NP\u00ae SiOPack\u00ae","isPartOf":{"@id":"https:\/\/www.siopack.eu\/fr\/#website"},"datePublished":"2020-10-29T15:06:27+00:00","dateModified":"2020-10-29T15:07:17+00:00","breadcrumb":{"@id":"https:\/\/www.siopack.eu\/datenschutz-privacy\/#breadcrumb"},"inLanguage":"fr-FR","potentialAction":[{"@type":"ReadAction","target":["https:\/\/www.siopack.eu\/datenschutz-privacy\/"]}]},{"@type":"BreadcrumbList","@id":"https:\/\/www.siopack.eu\/datenschutz-privacy\/#breadcrumb","itemListElement":[{"@type":"ListItem","position":1,"name":"Start","item":"https:\/\/www.siopack.eu\/"},{"@type":"ListItem","position":2,"name":"Datenschutzerkl\u00e4rung"}]},{"@type":"WebSite","@id":"https:\/\/www.siopack.eu\/fr\/#website","url":"https:\/\/www.siopack.eu\/fr\/","name":"NP\u00ae SiOPack","description":"Emballage durable avec NP\u00ae SiOPack","publisher":{"@id":"https:\/\/www.siopack.eu\/fr\/#organization"},"potentialAction":[{"@type":"SearchAction","target":{"@type":"EntryPoint","urlTemplate":"https:\/\/www.siopack.eu\/fr\/?s={search_term_string}"},"query-input":{"@type":"PropertyValueSpecification","valueRequired":true,"valueName":"search_term_string"}}],"inLanguage":"fr-FR"},{"@type":"Organization","@id":"https:\/\/www.siopack.eu\/fr\/#organization","name":"NP\u00ae SiOPack","url":"https:\/\/www.siopack.eu\/fr\/","logo":{"@type":"ImageObject","inLanguage":"fr-FR","@id":"https:\/\/www.siopack.eu\/fr\/#\/schema\/logo\/image\/","url":"https:\/\/www.siopack.eu\/wp-content\/uploads\/2022\/05\/SiOPack-Logo-weiss.svg","contentUrl":"https:\/\/www.siopack.eu\/wp-content\/uploads\/2022\/05\/SiOPack-Logo-weiss.svg","width":5000,"height":5000,"caption":"NP\u00ae SiOPack\u00ae"},"image":{"@id":"https:\/\/www.siopack.eu\/fr\/#\/schema\/logo\/image\/"}}]}},"_links":{"self":[{"href":"https:\/\/www.siopack.eu\/fr\/wp-json\/wp\/v2\/pages\/620","targetHints":{"allow":["GET"]}}],"collection":[{"href":"https:\/\/www.siopack.eu\/fr\/wp-json\/wp\/v2\/pages"}],"about":[{"href":"https:\/\/www.siopack.eu\/fr\/wp-json\/wp\/v2\/types\/page"}],"author":[{"embeddable":true,"href":"https:\/\/www.siopack.eu\/fr\/wp-json\/wp\/v2\/users\/1"}],"replies":[{"embeddable":true,"href":"https:\/\/www.siopack.eu\/fr\/wp-json\/wp\/v2\/comments?post=620"}],"version-history":[{"count":4,"href":"https:\/\/www.siopack.eu\/fr\/wp-json\/wp\/v2\/pages\/620\/revisions"}],"predecessor-version":[{"id":624,"href":"https:\/\/www.siopack.eu\/fr\/wp-json\/wp\/v2\/pages\/620\/revisions\/624"}],"wp:attachment":[{"href":"https:\/\/www.siopack.eu\/fr\/wp-json\/wp\/v2\/media?parent=620"}],"curies":[{"name":"wp","href":"https:\/\/api.w.org\/{rel}","templated":true}]}}