{"id":62,"date":"2018-09-10T14:21:06","date_gmt":"2018-09-10T14:21:06","guid":{"rendered":"http:\/\/demo.cocobasic.com\/seppo-wp\/?page_id=62"},"modified":"2024-11-28T11:09:38","modified_gmt":"2024-11-28T11:09:38","slug":"exemples-dapplication","status":"publish","type":"page","link":"https:\/\/www.siopack.eu\/fr\/anwendungsbeispiele\/","title":{"rendered":"Design"},"content":{"rendered":"<div data-elementor-type=\"wp-post\" data-elementor-id=\"62\" class=\"elementor elementor-62\" data-elementor-post-type=\"page\">\n\t\t\t\t\t\t<section class=\"elementor-section elementor-top-section elementor-element elementor-element-7bc2b60 elementor-section-boxed elementor-section-height-default elementor-section-height-default\" data-id=\"7bc2b60\" data-element_type=\"section\" data-e-type=\"section\" data-settings=\"{&quot;background_background&quot;:&quot;classic&quot;}\">\n\t\t\t\t\t\t<div class=\"elementor-container elementor-column-gap-default\">\n\t\t\t\t\t<div class=\"elementor-column elementor-col-100 elementor-top-column elementor-element elementor-element-3bab115\" data-id=\"3bab115\" data-element_type=\"column\" data-e-type=\"column\">\n\t\t\t<div class=\"elementor-widget-wrap elementor-element-populated\">\n\t\t\t\t\t\t<div class=\"elementor-element elementor-element-8a22dbf elementor-widget elementor-widget-spacer\" data-id=\"8a22dbf\" data-element_type=\"widget\" data-e-type=\"widget\" data-widget_type=\"spacer.default\">\n\t\t\t\t<div class=\"elementor-widget-container\">\n\t\t\t\t\t\t\t<div class=\"elementor-spacer\">\n\t\t\t<div class=\"elementor-spacer-inner\"><\/div>\n\t\t<\/div>\n\t\t\t\t\t\t<\/div>\n\t\t\t\t<\/div>\n\t\t\t\t<div class=\"elementor-element elementor-element-0a0f7fe elementor-widget elementor-widget-heading\" data-id=\"0a0f7fe\" data-element_type=\"widget\" data-e-type=\"widget\" data-widget_type=\"heading.default\">\n\t\t\t\t<div class=\"elementor-widget-container\">\n\t\t\t\t\t<h2 class=\"elementor-heading-title elementor-size-default\">Fabrication industrielle avanc\u00e9e et application polyvalente de NP<sup>\u00ae<\/sup> SiOPack<sup>\u00ae<\/sup><\/h2>\t\t\t\t<\/div>\n\t\t\t\t<\/div>\n\t\t\t\t<div class=\"elementor-element elementor-element-b3bcf3b elementor-widget elementor-widget-text-editor\" data-id=\"b3bcf3b\" data-element_type=\"widget\" data-e-type=\"widget\" data-widget_type=\"text-editor.default\">\n\t\t\t\t<div class=\"elementor-widget-container\">\n\t\t\t\t\t\t\t\t\tLa technologie NP<sup>\u00ae<\/sup> SiOPack<sup>\u00ae<\/sup> \u00e9tablit de nouvelles normes dans l\u2019industrie de l\u2019emballage en am\u00e9liorant \u00e0 la fois les performances et l\u2019esth\u00e9tique des emballages. Compar\u00e9 aux contenants traditionnels lamin\u00e9s en PE, NP<sup>\u00ae<\/sup> \u00a0SiOPack<sup>\u00ae<\/sup> offre une protection sup\u00e9rieure sans compromettre les propri\u00e9t\u00e9s naturelles du mat\u00e9riau de base. Tant visuellement qu\u2019au toucher, il n\u2019y a aucune diff\u00e9rence perceptible par rapport aux mat\u00e9riaux non rev\u00eatus, mais NP<sup>\u00ae<\/sup> SiOPack<sup>\u00ae<\/sup> assure une protection renforc\u00e9e, couvrant tous les micro-trous et les bords.\t\t\t\t\t\t\t\t<\/div>\n\t\t\t\t<\/div>\n\t\t\t\t<div class=\"elementor-element elementor-element-d74df66 elementor-widget elementor-widget-spacer\" data-id=\"d74df66\" data-element_type=\"widget\" data-e-type=\"widget\" data-widget_type=\"spacer.default\">\n\t\t\t\t<div class=\"elementor-widget-container\">\n\t\t\t\t\t\t\t<div class=\"elementor-spacer\">\n\t\t\t<div class=\"elementor-spacer-inner\"><\/div>\n\t\t<\/div>\n\t\t\t\t\t\t<\/div>\n\t\t\t\t<\/div>\n\t\t\t\t<div class=\"elementor-element elementor-element-69603e7 elementor-widget elementor-widget-text-editor\" data-id=\"69603e7\" data-element_type=\"widget\" data-e-type=\"widget\" data-widget_type=\"text-editor.default\">\n\t\t\t\t<div class=\"elementor-widget-container\">\n\t\t\t\t\t\t\t\t\t<h6><span style=\"color: #025959;\"><strong>Libert\u00e9 de conception illimit\u00e9e<\/strong> <\/span><\/h6><p>La solution innovante NP<sup>\u00ae<\/sup> SiOPack<sup>\u00ae<\/sup> peut \u00eatre appliqu\u00e9e avant ou apr\u00e8s le processus d\u2019impression, ainsi que sur des produits d\u00e9j\u00e0 finis. Cette flexibilit\u00e9 permet aux designers et aux fabricants de travailler sans aucune contrainte cr\u00e9ative. Les emballages peuvent \u00eatre personnalis\u00e9s pour r\u00e9pondre \u00e0 des exigences sp\u00e9cifiques, tout en conservant la fonctionnalit\u00e9 protectrice du rev\u00eatement.<\/p><p>L'application de NP<sup>\u00ae<\/sup> SiOPack<sup>\u00ae<\/sup> permet le d\u00e9veloppement de solutions d'emballage \u00e9cologiques et esth\u00e9tiques, \u00e0 la fois fonctionnelles et attrayantes. Cela offre de nouvelles opportunit\u00e9s pour les marques de se d\u00e9marquer de la concurrence gr\u00e2ce \u00e0 des emballages innovants et durables.<\/p>\t\t\t\t\t\t\t\t<\/div>\n\t\t\t\t<\/div>\n\t\t\t\t\t<\/div>\n\t\t<\/div>\n\t\t\t\t\t<\/div>\n\t\t<\/section>\n\t\t\t\t<section class=\"elementor-section elementor-top-section elementor-element elementor-element-cf6ae48 elementor-section-stretched elementor-section-boxed elementor-section-height-default elementor-section-height-default\" data-id=\"cf6ae48\" data-element_type=\"section\" data-e-type=\"section\" data-settings=\"{&quot;stretch_section&quot;:&quot;section-stretched&quot;,&quot;background_background&quot;:&quot;classic&quot;}\">\n\t\t\t\t\t\t\t<div class=\"elementor-background-overlay\"><\/div>\n\t\t\t\t\t\t\t<div class=\"elementor-container elementor-column-gap-default\">\n\t\t\t\t\t<div class=\"elementor-column elementor-col-100 elementor-top-column elementor-element elementor-element-9e766e4\" data-id=\"9e766e4\" data-element_type=\"column\" data-e-type=\"column\">\n\t\t\t<div class=\"elementor-widget-wrap elementor-element-populated\">\n\t\t\t\t\t\t<div class=\"elementor-element elementor-element-ada4099 elementor-widget elementor-widget-heading\" data-id=\"ada4099\" data-element_type=\"widget\" data-e-type=\"widget\" data-widget_type=\"heading.default\">\n\t\t\t\t<div class=\"elementor-widget-container\">\n\t\t\t\t\t<h2 class=\"elementor-heading-title elementor-size-default\">NP<sup>\u00ae<\/sup> SiOPack<sup>\u00ae<\/sup>: Des solutions d'emballage durables sans compromis<\/h2>\t\t\t\t<\/div>\n\t\t\t\t<\/div>\n\t\t\t\t<div class=\"elementor-element elementor-element-8fce710 elementor-widget elementor-widget-text-editor\" data-id=\"8fce710\" data-element_type=\"widget\" data-e-type=\"widget\" data-widget_type=\"text-editor.default\">\n\t\t\t\t<div class=\"elementor-widget-container\">\n\t\t\t\t\t\t\t\t\t<p>\u00c0 une \u00e9poque o\u00f9 de nombreuses initiatives visant \u00e0 r\u00e9duire les \u00e9missions de CO<sub>2<\/sub>&nbsp;et les d\u00e9chets plastiques s'av\u00e8rent inefficaces ou rel\u00e8vent du greenwashing, NP<sup>\u00ae<\/sup> SiOPack<sup>\u00ae<\/sup> propose une v\u00e9ritable alternative. Notre technologie de rev\u00eatement offre des r\u00e9sultats fiables avec un minimum d'efforts, r\u00e9duisant consid\u00e9rablement l'utilisation de plastiques.<\/p><p>NP<sup>\u00ae<\/sup> SiOPack<sup>\u00ae<\/sup> r\u00e9volutionne l'industrie de l'emballage en associant les avantages du papier l\u00e9ger et flexible ou des fibres naturelles \u00e0 la s\u00e9curit\u00e9 et \u00e0 la durabilit\u00e9 du verre. Cela \u00e9limine le besoin de plastiques ou de rev\u00eatements en PE.<\/p><p>Notre proc\u00e9d\u00e9 unique et brevet\u00e9 am\u00e9liore les propri\u00e9t\u00e9s fonctionnelles des mati\u00e8res premi\u00e8res \u00e9cologiques. L'emballage devient superhydrophobe, ce qui signifie qu'il peut entrer en contact avec des aliments ou des liquides de tout type sans compromettre sa recyclabilit\u00e9.<\/p>\t\t\t\t\t\t\t\t<\/div>\n\t\t\t\t<\/div>\n\t\t\t\t\t<\/div>\n\t\t<\/div>\n\t\t\t\t\t<\/div>\n\t\t<\/section>\n\t\t\t\t<section class=\"elementor-section elementor-top-section elementor-element elementor-element-5019407 elementor-section-stretched elementor-section-boxed elementor-section-height-default elementor-section-height-default\" data-id=\"5019407\" data-element_type=\"section\" data-e-type=\"section\" data-settings=\"{&quot;stretch_section&quot;:&quot;section-stretched&quot;,&quot;background_background&quot;:&quot;classic&quot;}\">\n\t\t\t\t\t\t\t<div class=\"elementor-background-overlay\"><\/div>\n\t\t\t\t\t\t\t<div class=\"elementor-container elementor-column-gap-default\">\n\t\t\t\t\t<div class=\"elementor-column elementor-col-50 elementor-top-column elementor-element elementor-element-45070ad\" data-id=\"45070ad\" data-element_type=\"column\" data-e-type=\"column\">\n\t\t\t<div class=\"elementor-widget-wrap elementor-element-populated\">\n\t\t\t\t\t\t<div class=\"elementor-element elementor-element-859dc8c elementor-widget elementor-widget-image\" data-id=\"859dc8c\" data-element_type=\"widget\" data-e-type=\"widget\" data-widget_type=\"image.default\">\n\t\t\t\t<div class=\"elementor-widget-container\">\n\t\t\t\t\t\t\t\t\t\t\t\t\t\t\t<img fetchpriority=\"high\" decoding=\"async\" width=\"669\" height=\"502\" src=\"https:\/\/www.siopack.eu\/wp-content\/uploads\/2022\/10\/gebogen-1.png\" class=\"attachment-large size-large wp-image-1489\" alt=\"\" srcset=\"https:\/\/www.siopack.eu\/wp-content\/uploads\/2022\/10\/gebogen-1.png 669w, https:\/\/www.siopack.eu\/wp-content\/uploads\/2022\/10\/gebogen-1-300x225.png 300w, https:\/\/www.siopack.eu\/wp-content\/uploads\/2022\/10\/gebogen-1-16x12.png 16w\" sizes=\"(max-width: 669px) 100vw, 669px\" \/>\t\t\t\t\t\t\t\t\t\t\t\t\t\t\t<\/div>\n\t\t\t\t<\/div>\n\t\t\t\t\t<\/div>\n\t\t<\/div>\n\t\t\t\t<div class=\"elementor-column elementor-col-50 elementor-top-column elementor-element elementor-element-93e68e3\" data-id=\"93e68e3\" data-element_type=\"column\" data-e-type=\"column\">\n\t\t\t<div class=\"elementor-widget-wrap elementor-element-populated\">\n\t\t\t\t\t\t<div class=\"elementor-element elementor-element-af6ae7e elementor-widget elementor-widget-spacer\" data-id=\"af6ae7e\" data-element_type=\"widget\" data-e-type=\"widget\" data-widget_type=\"spacer.default\">\n\t\t\t\t<div class=\"elementor-widget-container\">\n\t\t\t\t\t\t\t<div class=\"elementor-spacer\">\n\t\t\t<div class=\"elementor-spacer-inner\"><\/div>\n\t\t<\/div>\n\t\t\t\t\t\t<\/div>\n\t\t\t\t<\/div>\n\t\t\t\t<div class=\"elementor-element elementor-element-980106c elementor-widget elementor-widget-text-editor\" data-id=\"980106c\" data-element_type=\"widget\" data-e-type=\"widget\" data-widget_type=\"text-editor.default\">\n\t\t\t\t<div class=\"elementor-widget-container\">\n\t\t\t\t\t\t\t\t\t<p>Image au microscope \u00e9lectronique \u00e0 balayage (SEM) d'une fibre courb\u00e9e montrant les modifications structurelles sous contrainte m\u00e9canique. Sur la courbure int\u00e9rieure, le mat\u00e9riau est comprim\u00e9, tandis que le bord ext\u00e9rieur est \u00e9tir\u00e9, sans aucun signe de fissuration visible. Cela met en \u00e9vidence la flexibilit\u00e9 et la durabilit\u00e9 m\u00e9canique du mat\u00e9riau.<\/p>\t\t\t\t\t\t\t\t<\/div>\n\t\t\t\t<\/div>\n\t\t\t\t\t<\/div>\n\t\t<\/div>\n\t\t\t\t\t<\/div>\n\t\t<\/section>\n\t\t\t\t<\/div>","protected":false},"excerpt":{"rendered":"<p>Fortschrittliche industrielle Herstellung und vielseitige Anwendung von NP\u00ae SiOPack\u00ae Die NP\u00ae SiOPack\u00ae Barrierebeschichtung setzt neue Ma\u00dfst\u00e4be in der Verpackungsindustrie, indem sie die Leistung und \u00c4sthetik von Verpackungen &#8230;<\/p>","protected":false},"author":1,"featured_media":0,"parent":0,"menu_order":7,"comment_status":"closed","ping_status":"closed","template":"elementor_header_footer","meta":{"inline_featured_image":false,"_themeisle_gutenberg_block_has_review":false,"footnotes":""},"class_list":["post-62","page","type-page","status-publish","hentry"],"yoast_head":"<!-- This site is optimized with the Yoast SEO plugin v27.4 - https:\/\/yoast.com\/product\/yoast-seo-wordpress\/ -->\n<title>Design - NP\u00ae SiOPack\u00ae<\/title>\n<meta name=\"robots\" content=\"index, follow, max-snippet:-1, max-image-preview:large, max-video-preview:-1\" \/>\n<link rel=\"canonical\" href=\"https:\/\/www.siopack.eu\/fr\/exemples-dapplication\/\" \/>\n<meta property=\"og:locale\" content=\"fr_FR\" \/>\n<meta property=\"og:type\" content=\"article\" \/>\n<meta property=\"og:title\" content=\"Design - NP\u00ae SiOPack\u00ae\" \/>\n<meta property=\"og:description\" content=\"Fortschrittliche industrielle Herstellung und vielseitige Anwendung von NP\u00ae SiOPack\u00ae Die NP\u00ae SiOPack\u00ae Barrierebeschichtung setzt neue Ma\u00dfst\u00e4be in der Verpackungsindustrie, indem sie die Leistung und \u00c4sthetik von Verpackungen ...\" \/>\n<meta property=\"og:url\" content=\"https:\/\/www.siopack.eu\/fr\/exemples-dapplication\/\" \/>\n<meta property=\"og:site_name\" content=\"NP\u00ae SiOPack\u00ae\" \/>\n<meta property=\"article:modified_time\" content=\"2024-11-28T11:09:38+00:00\" \/>\n<meta property=\"og:image\" content=\"https:\/\/www.siopack.eu\/wp-content\/uploads\/2022\/10\/gebogen-1.png\" \/>\n\t<meta property=\"og:image:width\" content=\"669\" \/>\n\t<meta property=\"og:image:height\" content=\"502\" \/>\n\t<meta property=\"og:image:type\" content=\"image\/png\" \/>\n<meta name=\"twitter:card\" content=\"summary_large_image\" \/>\n<meta name=\"twitter:label1\" content=\"Dur\u00e9e de lecture estim\u00e9e\" \/>\n\t<meta name=\"twitter:data1\" content=\"2 minutes\" \/>\n<script type=\"application\/ld+json\" class=\"yoast-schema-graph\">{\"@context\":\"https:\\\/\\\/schema.org\",\"@graph\":[{\"@type\":\"WebPage\",\"@id\":\"https:\\\/\\\/www.siopack.eu\\\/anwendungsbeispiele\\\/\",\"url\":\"https:\\\/\\\/www.siopack.eu\\\/anwendungsbeispiele\\\/\",\"name\":\"Design - NP\u00ae SiOPack\u00ae\",\"isPartOf\":{\"@id\":\"https:\\\/\\\/www.siopack.eu\\\/fr\\\/#website\"},\"primaryImageOfPage\":{\"@id\":\"https:\\\/\\\/www.siopack.eu\\\/anwendungsbeispiele\\\/#primaryimage\"},\"image\":{\"@id\":\"https:\\\/\\\/www.siopack.eu\\\/anwendungsbeispiele\\\/#primaryimage\"},\"thumbnailUrl\":\"https:\\\/\\\/www.siopack.eu\\\/wp-content\\\/uploads\\\/2022\\\/10\\\/gebogen-1.png\",\"datePublished\":\"2018-09-10T14:21:06+00:00\",\"dateModified\":\"2024-11-28T11:09:38+00:00\",\"breadcrumb\":{\"@id\":\"https:\\\/\\\/www.siopack.eu\\\/anwendungsbeispiele\\\/#breadcrumb\"},\"inLanguage\":\"fr-FR\",\"potentialAction\":[{\"@type\":\"ReadAction\",\"target\":[\"https:\\\/\\\/www.siopack.eu\\\/anwendungsbeispiele\\\/\"]}]},{\"@type\":\"ImageObject\",\"inLanguage\":\"fr-FR\",\"@id\":\"https:\\\/\\\/www.siopack.eu\\\/anwendungsbeispiele\\\/#primaryimage\",\"url\":\"https:\\\/\\\/www.siopack.eu\\\/wp-content\\\/uploads\\\/2022\\\/10\\\/gebogen-1.png\",\"contentUrl\":\"https:\\\/\\\/www.siopack.eu\\\/wp-content\\\/uploads\\\/2022\\\/10\\\/gebogen-1.png\"},{\"@type\":\"BreadcrumbList\",\"@id\":\"https:\\\/\\\/www.siopack.eu\\\/anwendungsbeispiele\\\/#breadcrumb\",\"itemListElement\":[{\"@type\":\"ListItem\",\"position\":1,\"name\":\"Start\",\"item\":\"https:\\\/\\\/www.siopack.eu\\\/\"},{\"@type\":\"ListItem\",\"position\":2,\"name\":\"Design\"}]},{\"@type\":\"WebSite\",\"@id\":\"https:\\\/\\\/www.siopack.eu\\\/fr\\\/#website\",\"url\":\"https:\\\/\\\/www.siopack.eu\\\/fr\\\/\",\"name\":\"NP\u00ae SiOPack\u00ae\",\"description\":\"Sustainable packaging with NP\u00ae SiOPack\u00ae\",\"publisher\":{\"@id\":\"https:\\\/\\\/www.siopack.eu\\\/fr\\\/#organization\"},\"potentialAction\":[{\"@type\":\"SearchAction\",\"target\":{\"@type\":\"EntryPoint\",\"urlTemplate\":\"https:\\\/\\\/www.siopack.eu\\\/fr\\\/?s={search_term_string}\"},\"query-input\":{\"@type\":\"PropertyValueSpecification\",\"valueRequired\":true,\"valueName\":\"search_term_string\"}}],\"inLanguage\":\"fr-FR\"},{\"@type\":\"Organization\",\"@id\":\"https:\\\/\\\/www.siopack.eu\\\/fr\\\/#organization\",\"name\":\"NP\u00ae SiOPack\u00ae\",\"url\":\"https:\\\/\\\/www.siopack.eu\\\/fr\\\/\",\"logo\":{\"@type\":\"ImageObject\",\"inLanguage\":\"fr-FR\",\"@id\":\"https:\\\/\\\/www.siopack.eu\\\/fr\\\/#\\\/schema\\\/logo\\\/image\\\/\",\"url\":\"https:\\\/\\\/www.siopack.eu\\\/wp-content\\\/uploads\\\/2022\\\/05\\\/SiOPack-Logo-weiss.svg\",\"contentUrl\":\"https:\\\/\\\/www.siopack.eu\\\/wp-content\\\/uploads\\\/2022\\\/05\\\/SiOPack-Logo-weiss.svg\",\"width\":5000,\"height\":5000,\"caption\":\"NP\u00ae SiOPack\u00ae\"},\"image\":{\"@id\":\"https:\\\/\\\/www.siopack.eu\\\/fr\\\/#\\\/schema\\\/logo\\\/image\\\/\"}}]}<\/script>\n<!-- \/ Yoast SEO plugin. -->","yoast_head_json":{"title":"Conception - NP\u00ae SiOPack\u00ae","robots":{"index":"index","follow":"follow","max-snippet":"max-snippet:-1","max-image-preview":"max-image-preview:large","max-video-preview":"max-video-preview:-1"},"canonical":"https:\/\/www.siopack.eu\/fr\/exemples-dapplication\/","og_locale":"fr_FR","og_type":"article","og_title":"Design - NP\u00ae SiOPack\u00ae","og_description":"Fortschrittliche industrielle Herstellung und vielseitige Anwendung von NP\u00ae SiOPack\u00ae Die NP\u00ae SiOPack\u00ae Barrierebeschichtung setzt neue Ma\u00dfst\u00e4be in der Verpackungsindustrie, indem sie die Leistung und \u00c4sthetik von Verpackungen ...","og_url":"https:\/\/www.siopack.eu\/fr\/exemples-dapplication\/","og_site_name":"NP\u00ae SiOPack\u00ae","article_modified_time":"2024-11-28T11:09:38+00:00","og_image":[{"width":669,"height":502,"url":"https:\/\/www.siopack.eu\/wp-content\/uploads\/2022\/10\/gebogen-1.png","type":"image\/png"}],"twitter_card":"summary_large_image","twitter_misc":{"Dur\u00e9e de lecture estim\u00e9e":"2 minutes"},"schema":{"@context":"https:\/\/schema.org","@graph":[{"@type":"WebPage","@id":"https:\/\/www.siopack.eu\/anwendungsbeispiele\/","url":"https:\/\/www.siopack.eu\/anwendungsbeispiele\/","name":"Conception - NP\u00ae SiOPack\u00ae","isPartOf":{"@id":"https:\/\/www.siopack.eu\/fr\/#website"},"primaryImageOfPage":{"@id":"https:\/\/www.siopack.eu\/anwendungsbeispiele\/#primaryimage"},"image":{"@id":"https:\/\/www.siopack.eu\/anwendungsbeispiele\/#primaryimage"},"thumbnailUrl":"https:\/\/www.siopack.eu\/wp-content\/uploads\/2022\/10\/gebogen-1.png","datePublished":"2018-09-10T14:21:06+00:00","dateModified":"2024-11-28T11:09:38+00:00","breadcrumb":{"@id":"https:\/\/www.siopack.eu\/anwendungsbeispiele\/#breadcrumb"},"inLanguage":"fr-FR","potentialAction":[{"@type":"ReadAction","target":["https:\/\/www.siopack.eu\/anwendungsbeispiele\/"]}]},{"@type":"ImageObject","inLanguage":"fr-FR","@id":"https:\/\/www.siopack.eu\/anwendungsbeispiele\/#primaryimage","url":"https:\/\/www.siopack.eu\/wp-content\/uploads\/2022\/10\/gebogen-1.png","contentUrl":"https:\/\/www.siopack.eu\/wp-content\/uploads\/2022\/10\/gebogen-1.png"},{"@type":"BreadcrumbList","@id":"https:\/\/www.siopack.eu\/anwendungsbeispiele\/#breadcrumb","itemListElement":[{"@type":"ListItem","position":1,"name":"Start","item":"https:\/\/www.siopack.eu\/"},{"@type":"ListItem","position":2,"name":"Design"}]},{"@type":"WebSite","@id":"https:\/\/www.siopack.eu\/fr\/#website","url":"https:\/\/www.siopack.eu\/fr\/","name":"NP\u00ae SiOPack","description":"Emballage durable avec NP\u00ae SiOPack","publisher":{"@id":"https:\/\/www.siopack.eu\/fr\/#organization"},"potentialAction":[{"@type":"SearchAction","target":{"@type":"EntryPoint","urlTemplate":"https:\/\/www.siopack.eu\/fr\/?s={search_term_string}"},"query-input":{"@type":"PropertyValueSpecification","valueRequired":true,"valueName":"search_term_string"}}],"inLanguage":"fr-FR"},{"@type":"Organization","@id":"https:\/\/www.siopack.eu\/fr\/#organization","name":"NP\u00ae SiOPack","url":"https:\/\/www.siopack.eu\/fr\/","logo":{"@type":"ImageObject","inLanguage":"fr-FR","@id":"https:\/\/www.siopack.eu\/fr\/#\/schema\/logo\/image\/","url":"https:\/\/www.siopack.eu\/wp-content\/uploads\/2022\/05\/SiOPack-Logo-weiss.svg","contentUrl":"https:\/\/www.siopack.eu\/wp-content\/uploads\/2022\/05\/SiOPack-Logo-weiss.svg","width":5000,"height":5000,"caption":"NP\u00ae SiOPack\u00ae"},"image":{"@id":"https:\/\/www.siopack.eu\/fr\/#\/schema\/logo\/image\/"}}]}},"_links":{"self":[{"href":"https:\/\/www.siopack.eu\/fr\/wp-json\/wp\/v2\/pages\/62","targetHints":{"allow":["GET"]}}],"collection":[{"href":"https:\/\/www.siopack.eu\/fr\/wp-json\/wp\/v2\/pages"}],"about":[{"href":"https:\/\/www.siopack.eu\/fr\/wp-json\/wp\/v2\/types\/page"}],"author":[{"embeddable":true,"href":"https:\/\/www.siopack.eu\/fr\/wp-json\/wp\/v2\/users\/1"}],"replies":[{"embeddable":true,"href":"https:\/\/www.siopack.eu\/fr\/wp-json\/wp\/v2\/comments?post=62"}],"version-history":[{"count":65,"href":"https:\/\/www.siopack.eu\/fr\/wp-json\/wp\/v2\/pages\/62\/revisions"}],"predecessor-version":[{"id":1859,"href":"https:\/\/www.siopack.eu\/fr\/wp-json\/wp\/v2\/pages\/62\/revisions\/1859"}],"wp:attachment":[{"href":"https:\/\/www.siopack.eu\/fr\/wp-json\/wp\/v2\/media?parent=62"}],"curies":[{"name":"wp","href":"https:\/\/api.w.org\/{rel}","templated":true}]}}