{"id":56,"date":"2018-09-10T14:16:51","date_gmt":"2018-09-10T14:16:51","guid":{"rendered":"http:\/\/demo.cocobasic.com\/seppo-wp\/?page_id=36"},"modified":"2024-11-22T10:38:24","modified_gmt":"2024-11-22T10:38:24","slug":"services","status":"publish","type":"page","link":"https:\/\/www.siopack.eu\/fr\/services\/","title":{"rendered":"Les avantages de SiOPack\u00ae"},"content":{"rendered":"<div data-elementor-type=\"wp-post\" data-elementor-id=\"56\" class=\"elementor elementor-56\" data-elementor-post-type=\"page\">\n\t\t\t\t\t\t<section class=\"elementor-section elementor-top-section elementor-element elementor-element-b5dd40e elementor-section-boxed elementor-section-height-default elementor-section-height-default elementor-invisible\" data-id=\"b5dd40e\" data-element_type=\"section\" data-e-type=\"section\" data-settings=\"{&quot;animation&quot;:&quot;fadeInUp&quot;}\">\n\t\t\t\t\t\t<div class=\"elementor-container elementor-column-gap-default\">\n\t\t\t\t\t<div class=\"elementor-column elementor-col-100 elementor-top-column elementor-element elementor-element-ab882fa\" data-id=\"ab882fa\" data-element_type=\"column\" data-e-type=\"column\">\n\t\t\t<div class=\"elementor-widget-wrap elementor-element-populated\">\n\t\t\t\t\t\t<div class=\"elementor-element elementor-element-839a7c7 elementor-widget elementor-widget-spacer\" data-id=\"839a7c7\" data-element_type=\"widget\" data-e-type=\"widget\" data-widget_type=\"spacer.default\">\n\t\t\t\t<div class=\"elementor-widget-container\">\n\t\t\t\t\t\t\t<div class=\"elementor-spacer\">\n\t\t\t<div class=\"elementor-spacer-inner\"><\/div>\n\t\t<\/div>\n\t\t\t\t\t\t<\/div>\n\t\t\t\t<\/div>\n\t\t\t\t<div class=\"elementor-element elementor-element-e7a58a7 animated-slow elementor-widget elementor-widget-heading\" data-id=\"e7a58a7\" data-element_type=\"widget\" data-e-type=\"widget\" data-settings=\"{&quot;_animation&quot;:&quot;none&quot;}\" data-widget_type=\"heading.default\">\n\t\t\t\t<div class=\"elementor-widget-container\">\n\t\t\t\t\t<h1 class=\"elementor-heading-title elementor-size-default\">NP<sup>\u00ae<\/sup> SiOPack<sup>\u00ae<\/sup>: Pionnier des concepts d\u2019emballage \u00e9cologiques et efficaces <\/h1>\t\t\t\t<\/div>\n\t\t\t\t<\/div>\n\t\t\t\t\t<\/div>\n\t\t<\/div>\n\t\t\t\t\t<\/div>\n\t\t<\/section>\n\t\t\t\t<section class=\"elementor-section elementor-top-section elementor-element elementor-element-7c01344 elementor-section-boxed elementor-section-height-default elementor-section-height-default\" data-id=\"7c01344\" data-element_type=\"section\" data-e-type=\"section\">\n\t\t\t\t\t\t<div class=\"elementor-container elementor-column-gap-default\">\n\t\t\t\t\t<div class=\"elementor-column elementor-col-100 elementor-top-column elementor-element elementor-element-6805614\" data-id=\"6805614\" data-element_type=\"column\" data-e-type=\"column\">\n\t\t\t<div class=\"elementor-widget-wrap elementor-element-populated\">\n\t\t\t\t\t\t<div class=\"elementor-element elementor-element-19be2e7 elementor-widget elementor-widget-spacer\" data-id=\"19be2e7\" data-element_type=\"widget\" data-e-type=\"widget\" data-widget_type=\"spacer.default\">\n\t\t\t\t<div class=\"elementor-widget-container\">\n\t\t\t\t\t\t\t<div class=\"elementor-spacer\">\n\t\t\t<div class=\"elementor-spacer-inner\"><\/div>\n\t\t<\/div>\n\t\t\t\t\t\t<\/div>\n\t\t\t\t<\/div>\n\t\t\t\t\t<\/div>\n\t\t<\/div>\n\t\t\t\t\t<\/div>\n\t\t<\/section>\n\t\t\t\t<section class=\"elementor-section elementor-top-section elementor-element elementor-element-0efeabf elementor-section-boxed elementor-section-height-default elementor-section-height-default\" data-id=\"0efeabf\" data-element_type=\"section\" data-e-type=\"section\">\n\t\t\t\t\t\t\t<div class=\"elementor-background-overlay\"><\/div>\n\t\t\t\t\t\t\t<div class=\"elementor-container elementor-column-gap-default\">\n\t\t\t\t\t<div class=\"elementor-column elementor-col-33 elementor-top-column elementor-element elementor-element-59291fd\" data-id=\"59291fd\" data-element_type=\"column\" data-e-type=\"column\">\n\t\t\t<div class=\"elementor-widget-wrap elementor-element-populated\">\n\t\t\t\t\t\t<div class=\"elementor-element elementor-element-bbff352 elementor-widget elementor-widget-image\" data-id=\"bbff352\" data-element_type=\"widget\" data-e-type=\"widget\" data-settings=\"{&quot;_animation&quot;:&quot;none&quot;}\" data-widget_type=\"image.default\">\n\t\t\t\t<div class=\"elementor-widget-container\">\n\t\t\t\t\t\t\t\t\t\t\t\t\t\t\t<img fetchpriority=\"high\" decoding=\"async\" width=\"629\" height=\"500\" src=\"https:\/\/www.siopack.eu\/wp-content\/uploads\/2022\/10\/NP-SiOPack_Eis-Schokolade-Kaffee_freigestellt_klein_SiOPack-1.png\" class=\"attachment-medium_large size-medium_large wp-image-1480\" alt=\"\" srcset=\"https:\/\/www.siopack.eu\/wp-content\/uploads\/2022\/10\/NP-SiOPack_Eis-Schokolade-Kaffee_freigestellt_klein_SiOPack-1.png 629w, https:\/\/www.siopack.eu\/wp-content\/uploads\/2022\/10\/NP-SiOPack_Eis-Schokolade-Kaffee_freigestellt_klein_SiOPack-1-300x238.png 300w, https:\/\/www.siopack.eu\/wp-content\/uploads\/2022\/10\/NP-SiOPack_Eis-Schokolade-Kaffee_freigestellt_klein_SiOPack-1-15x12.png 15w\" sizes=\"(max-width: 629px) 100vw, 629px\" \/>\t\t\t\t\t\t\t\t\t\t\t\t\t\t\t<\/div>\n\t\t\t\t<\/div>\n\t\t\t\t\t<\/div>\n\t\t<\/div>\n\t\t\t\t<div class=\"elementor-column elementor-col-66 elementor-top-column elementor-element elementor-element-fef368b\" data-id=\"fef368b\" data-element_type=\"column\" data-e-type=\"column\" data-settings=\"{&quot;background_background&quot;:&quot;classic&quot;}\">\n\t\t\t<div class=\"elementor-widget-wrap elementor-element-populated\">\n\t\t\t\t\t\t<div class=\"elementor-element elementor-element-83f2414 elementor-view-default elementor-widget elementor-widget-icon\" data-id=\"83f2414\" data-element_type=\"widget\" data-e-type=\"widget\" data-widget_type=\"icon.default\">\n\t\t\t\t<div class=\"elementor-widget-container\">\n\t\t\t\t\t\t\t<div class=\"elementor-icon-wrapper\">\n\t\t\t<div class=\"elementor-icon\">\n\t\t\t<i aria-hidden=\"true\" class=\"fab fa-envira\"><\/i>\t\t\t<\/div>\n\t\t<\/div>\n\t\t\t\t\t\t<\/div>\n\t\t\t\t<\/div>\n\t\t\t\t<div class=\"elementor-element elementor-element-1258006 elementor-widget elementor-widget-text-editor\" data-id=\"1258006\" data-element_type=\"widget\" data-e-type=\"widget\" data-settings=\"{&quot;_animation&quot;:&quot;none&quot;}\" data-widget_type=\"text-editor.default\">\n\t\t\t\t<div class=\"elementor-widget-container\">\n\t\t\t\t\t\t\t\t\tNP<sup>\u00ae<\/sup> SiOPack<sup>\u00ae<\/sup> propose un rev\u00eatement barri\u00e8re innovant qui repr\u00e9sente une avanc\u00e9e majeure dans le domaine des emballages durables. Cette technologie offre une barri\u00e8re efficace sans recourir aux plastiques conventionnels tels que le poly\u00e9thyl\u00e8ne, ouvrant ainsi de nouvelles perspectives pour le recyclage et le compostage des mat\u00e9riaux d\u2019emballage.\t\t\t\t\t\t\t\t<\/div>\n\t\t\t\t<\/div>\n\t\t\t\t<div class=\"elementor-element elementor-element-9ed5884 elementor-widget elementor-widget-text-editor\" data-id=\"9ed5884\" data-element_type=\"widget\" data-e-type=\"widget\" data-settings=\"{&quot;_animation&quot;:&quot;none&quot;}\" data-widget_type=\"text-editor.default\">\n\t\t\t\t<div class=\"elementor-widget-container\">\n\t\t\t\t\t\t\t\t\t<h6><strong>\u00c9cologique et enti\u00e8rement recyclable <\/strong><\/h6>\nNP<sup>\u00ae<\/sup> SiOPack<sup>\u00ae<\/sup> permet la production d\u2019emballages enti\u00e8rement recyclables en offrant une barri\u00e8re fiable qui \u00e9limine le besoin de rev\u00eatements plastiques. Cette innovation favorise un v\u00e9ritable recyclage, \u00e9vitant le downcycling traditionnel, o\u00f9 la qualit\u00e9 des mat\u00e9riaux recycl\u00e9s est souvent d\u00e9grad\u00e9e.\t\t\t\t\t\t\t\t<\/div>\n\t\t\t\t<\/div>\n\t\t\t\t\t<\/div>\n\t\t<\/div>\n\t\t\t\t\t<\/div>\n\t\t<\/section>\n\t\t\t\t<section class=\"elementor-section elementor-top-section elementor-element elementor-element-ffdd790 elementor-section-boxed elementor-section-height-default elementor-section-height-default\" data-id=\"ffdd790\" data-element_type=\"section\" data-e-type=\"section\">\n\t\t\t\t\t\t<div class=\"elementor-container elementor-column-gap-default\">\n\t\t\t\t\t<div class=\"elementor-column elementor-col-100 elementor-top-column elementor-element elementor-element-8c70091\" data-id=\"8c70091\" data-element_type=\"column\" data-e-type=\"column\">\n\t\t\t<div class=\"elementor-widget-wrap\">\n\t\t\t\t\t\t\t<\/div>\n\t\t<\/div>\n\t\t\t\t\t<\/div>\n\t\t<\/section>\n\t\t\t\t<section class=\"elementor-section elementor-top-section elementor-element elementor-element-690be82 elementor-section-boxed elementor-section-height-default elementor-section-height-default\" data-id=\"690be82\" data-element_type=\"section\" data-e-type=\"section\">\n\t\t\t\t\t\t<div class=\"elementor-container elementor-column-gap-default\">\n\t\t\t\t\t<div class=\"elementor-column elementor-col-100 elementor-top-column elementor-element elementor-element-7e70abe\" data-id=\"7e70abe\" data-element_type=\"column\" data-e-type=\"column\">\n\t\t\t<div class=\"elementor-widget-wrap elementor-element-populated\">\n\t\t\t\t\t\t<div class=\"elementor-element elementor-element-5da3754 elementor-widget elementor-widget-text-editor\" data-id=\"5da3754\" data-element_type=\"widget\" data-e-type=\"widget\" data-widget_type=\"text-editor.default\">\n\t\t\t\t<div class=\"elementor-widget-container\">\n\t\t\t\t\t\t\t\t\t<h6><strong>S\u00fbr et efficace<\/strong><\/h6>\nGr\u00e2ce \u00e0 l\u2019utilisation de mat\u00e9riaux naturels et non toxiques, NP<sup>\u00ae<\/sup> SiOPack<sup>\u00ae<\/sup> \u00e9limine les probl\u00e8mes li\u00e9s \u00e0 la migration de substances chimiques provenant des emballages traditionnels. Cette caract\u00e9ristique rend NP<sup>\u00ae<\/sup> SiOPack<sup>\u00ae<\/sup> id\u00e9al pour une utilisation dans l'industrie agroalimentaire, en particulier pour les produits n\u00e9cessitant des normes strictes en mati\u00e8re d'hygi\u00e8ne et de s\u00e9curit\u00e9.\t\t\t\t\t\t\t\t<\/div>\n\t\t\t\t<\/div>\n\t\t\t\t\t<\/div>\n\t\t<\/div>\n\t\t\t\t\t<\/div>\n\t\t<\/section>\n\t\t\t\t<section class=\"elementor-section elementor-top-section elementor-element elementor-element-4803c60 elementor-section-boxed elementor-section-height-default elementor-section-height-default\" data-id=\"4803c60\" data-element_type=\"section\" data-e-type=\"section\">\n\t\t\t\t\t\t<div class=\"elementor-container elementor-column-gap-default\">\n\t\t\t\t\t<div class=\"elementor-column elementor-col-100 elementor-top-column elementor-element elementor-element-c641ebb\" data-id=\"c641ebb\" data-element_type=\"column\" data-e-type=\"column\">\n\t\t\t<div class=\"elementor-widget-wrap elementor-element-populated\">\n\t\t\t\t\t\t<div class=\"elementor-element elementor-element-4b6ad18 elementor-widget elementor-widget-text-editor\" data-id=\"4b6ad18\" data-element_type=\"widget\" data-e-type=\"widget\" data-widget_type=\"text-editor.default\">\n\t\t\t\t<div class=\"elementor-widget-container\">\n\t\t\t\t\t\t\t\t\t<h6><strong>Efficacit\u00e9 \u00e9conomique gr\u00e2ce \u00e0 l\u2019innovation<\/strong><\/h6>\nNP<sup>\u00ae<\/sup> SiOPack<sup>\u00ae<\/sup> r\u00e9duit non seulement l\u2019impact environnemental, mais offre \u00e9galement des avantages \u00e9conomiques significatifs. En r\u00e9duisant les co\u00fbts de gestion des d\u00e9chets et de recyclage, NP<sup>\u00ae<\/sup> SiOPack<sup>\u00ae<\/sup> contribue \u00e0 diminuer les co\u00fbts globaux de fabrication des emballages, tout en prot\u00e9geant l'environnement et en soutenant l'\u00e9conomie circulaire.\t\t\t\t\t\t\t\t<\/div>\n\t\t\t\t<\/div>\n\t\t\t\t\t<\/div>\n\t\t<\/div>\n\t\t\t\t\t<\/div>\n\t\t<\/section>\n\t\t\t\t<section class=\"elementor-section elementor-top-section elementor-element elementor-element-da6d692 elementor-section-boxed elementor-section-height-default elementor-section-height-default\" data-id=\"da6d692\" data-element_type=\"section\" data-e-type=\"section\" data-settings=\"{&quot;background_background&quot;:&quot;slideshow&quot;,&quot;background_slideshow_gallery&quot;:[],&quot;background_slideshow_loop&quot;:&quot;yes&quot;,&quot;background_slideshow_slide_duration&quot;:5000,&quot;background_slideshow_slide_transition&quot;:&quot;fade&quot;,&quot;background_slideshow_transition_duration&quot;:500}\">\n\t\t\t\t\t\t\t<div class=\"elementor-background-overlay\"><\/div>\n\t\t\t\t\t\t\t<div class=\"elementor-container elementor-column-gap-default\">\n\t\t\t\t\t<div class=\"elementor-column elementor-col-100 elementor-top-column elementor-element elementor-element-7cf63d4\" data-id=\"7cf63d4\" data-element_type=\"column\" data-e-type=\"column\">\n\t\t\t<div class=\"elementor-widget-wrap elementor-element-populated\">\n\t\t\t\t\t\t<div class=\"elementor-element elementor-element-64f5eb8 elementor-widget elementor-widget-text-editor\" data-id=\"64f5eb8\" data-element_type=\"widget\" data-e-type=\"widget\" data-widget_type=\"text-editor.default\">\n\t\t\t\t<div class=\"elementor-widget-container\">\n\t\t\t\t\t\t\t\t\t<h6><strong>Pr\u00eat pour le march\u00e9 et durable<\/strong><\/h6>\nGr\u00e2ce \u00e0 sa technologie avanc\u00e9e et \u00e0 sa capacit\u00e9 \u00e0 am\u00e9liorer les emballages primaires et secondaires, NP<sup>\u00ae<\/sup> SiOPack<sup>\u00ae<\/sup> propose une solution p\u00e9renne, adapt\u00e9e aux besoins du march\u00e9 moderne et \u00e0 la demande croissante de normes environnementales.\t\t\t\t\t\t\t\t<\/div>\n\t\t\t\t<\/div>\n\t\t\t\t\t<\/div>\n\t\t<\/div>\n\t\t\t\t\t<\/div>\n\t\t<\/section>\n\t\t\t\t<\/div>","protected":false},"excerpt":{"rendered":"<p>NP\u00ae SiOPack\u00ae: Vorreiter f\u00fcr umweltfreundliche und effiziente Verpackungskonzepte. NP\u00ae SiOPack\u00ae stellt eine innovative Barriereschicht dar, die einen bedeutenden Fortschritt in der Verpackungsindustrie markiert. Diese Technologie bietet eine &#8230;<\/p>","protected":false},"author":1,"featured_media":0,"parent":0,"menu_order":4,"comment_status":"closed","ping_status":"closed","template":"elementor_header_footer","meta":{"inline_featured_image":false,"_themeisle_gutenberg_block_has_review":false,"footnotes":""},"class_list":["post-56","page","type-page","status-publish","hentry"],"yoast_head":"<!-- This site is optimized with the Yoast SEO plugin v27.4 - https:\/\/yoast.com\/product\/yoast-seo-wordpress\/ -->\n<title>Vorteile von SiOPack\u00ae - NP\u00ae SiOPack\u00ae<\/title>\n<meta name=\"robots\" content=\"index, follow, max-snippet:-1, max-image-preview:large, max-video-preview:-1\" \/>\n<link rel=\"canonical\" href=\"https:\/\/www.siopack.eu\/fr\/services\/\" \/>\n<meta property=\"og:locale\" content=\"fr_FR\" \/>\n<meta property=\"og:type\" content=\"article\" \/>\n<meta property=\"og:title\" content=\"Vorteile von SiOPack\u00ae - NP\u00ae SiOPack\u00ae\" \/>\n<meta property=\"og:description\" content=\"NP\u00ae SiOPack\u00ae: Vorreiter f\u00fcr umweltfreundliche und effiziente Verpackungskonzepte. NP\u00ae SiOPack\u00ae stellt eine innovative Barriereschicht dar, die einen bedeutenden Fortschritt in der Verpackungsindustrie markiert. Diese Technologie bietet eine ...\" \/>\n<meta property=\"og:url\" content=\"https:\/\/www.siopack.eu\/fr\/services\/\" \/>\n<meta property=\"og:site_name\" content=\"NP\u00ae SiOPack\u00ae\" \/>\n<meta property=\"article:modified_time\" content=\"2024-11-22T10:38:24+00:00\" \/>\n<meta property=\"og:image\" content=\"https:\/\/www.siopack.eu\/wp-content\/uploads\/2022\/10\/NP-SiOPack_Eis-Schokolade-Kaffee_freigestellt_klein_SiOPack-1.png\" \/>\n\t<meta property=\"og:image:width\" content=\"629\" \/>\n\t<meta property=\"og:image:height\" content=\"500\" \/>\n\t<meta property=\"og:image:type\" content=\"image\/png\" \/>\n<meta name=\"twitter:card\" content=\"summary_large_image\" \/>\n<meta name=\"twitter:label1\" content=\"Dur\u00e9e de lecture estim\u00e9e\" \/>\n\t<meta name=\"twitter:data1\" content=\"1 minute\" \/>\n<script type=\"application\/ld+json\" class=\"yoast-schema-graph\">{\"@context\":\"https:\\\/\\\/schema.org\",\"@graph\":[{\"@type\":\"WebPage\",\"@id\":\"https:\\\/\\\/www.siopack.eu\\\/services\\\/\",\"url\":\"https:\\\/\\\/www.siopack.eu\\\/services\\\/\",\"name\":\"Vorteile von SiOPack\u00ae - NP\u00ae SiOPack\u00ae\",\"isPartOf\":{\"@id\":\"https:\\\/\\\/www.siopack.eu\\\/fr\\\/#website\"},\"primaryImageOfPage\":{\"@id\":\"https:\\\/\\\/www.siopack.eu\\\/services\\\/#primaryimage\"},\"image\":{\"@id\":\"https:\\\/\\\/www.siopack.eu\\\/services\\\/#primaryimage\"},\"thumbnailUrl\":\"https:\\\/\\\/www.siopack.eu\\\/wp-content\\\/uploads\\\/2022\\\/10\\\/NP-SiOPack_Eis-Schokolade-Kaffee_freigestellt_klein_SiOPack-1.png\",\"datePublished\":\"2018-09-10T14:16:51+00:00\",\"dateModified\":\"2024-11-22T10:38:24+00:00\",\"breadcrumb\":{\"@id\":\"https:\\\/\\\/www.siopack.eu\\\/services\\\/#breadcrumb\"},\"inLanguage\":\"fr-FR\",\"potentialAction\":[{\"@type\":\"ReadAction\",\"target\":[\"https:\\\/\\\/www.siopack.eu\\\/services\\\/\"]}]},{\"@type\":\"ImageObject\",\"inLanguage\":\"fr-FR\",\"@id\":\"https:\\\/\\\/www.siopack.eu\\\/services\\\/#primaryimage\",\"url\":\"https:\\\/\\\/www.siopack.eu\\\/wp-content\\\/uploads\\\/2022\\\/10\\\/NP-SiOPack_Eis-Schokolade-Kaffee_freigestellt_klein_SiOPack-1.png\",\"contentUrl\":\"https:\\\/\\\/www.siopack.eu\\\/wp-content\\\/uploads\\\/2022\\\/10\\\/NP-SiOPack_Eis-Schokolade-Kaffee_freigestellt_klein_SiOPack-1.png\"},{\"@type\":\"BreadcrumbList\",\"@id\":\"https:\\\/\\\/www.siopack.eu\\\/services\\\/#breadcrumb\",\"itemListElement\":[{\"@type\":\"ListItem\",\"position\":1,\"name\":\"Start\",\"item\":\"https:\\\/\\\/www.siopack.eu\\\/\"},{\"@type\":\"ListItem\",\"position\":2,\"name\":\"Vorteile von SiOPack\u00ae\"}]},{\"@type\":\"WebSite\",\"@id\":\"https:\\\/\\\/www.siopack.eu\\\/fr\\\/#website\",\"url\":\"https:\\\/\\\/www.siopack.eu\\\/fr\\\/\",\"name\":\"NP\u00ae SiOPack\u00ae\",\"description\":\"Sustainable packaging with NP\u00ae SiOPack\u00ae\",\"publisher\":{\"@id\":\"https:\\\/\\\/www.siopack.eu\\\/fr\\\/#organization\"},\"potentialAction\":[{\"@type\":\"SearchAction\",\"target\":{\"@type\":\"EntryPoint\",\"urlTemplate\":\"https:\\\/\\\/www.siopack.eu\\\/fr\\\/?s={search_term_string}\"},\"query-input\":{\"@type\":\"PropertyValueSpecification\",\"valueRequired\":true,\"valueName\":\"search_term_string\"}}],\"inLanguage\":\"fr-FR\"},{\"@type\":\"Organization\",\"@id\":\"https:\\\/\\\/www.siopack.eu\\\/fr\\\/#organization\",\"name\":\"NP\u00ae SiOPack\u00ae\",\"url\":\"https:\\\/\\\/www.siopack.eu\\\/fr\\\/\",\"logo\":{\"@type\":\"ImageObject\",\"inLanguage\":\"fr-FR\",\"@id\":\"https:\\\/\\\/www.siopack.eu\\\/fr\\\/#\\\/schema\\\/logo\\\/image\\\/\",\"url\":\"https:\\\/\\\/www.siopack.eu\\\/wp-content\\\/uploads\\\/2022\\\/05\\\/SiOPack-Logo-weiss.svg\",\"contentUrl\":\"https:\\\/\\\/www.siopack.eu\\\/wp-content\\\/uploads\\\/2022\\\/05\\\/SiOPack-Logo-weiss.svg\",\"width\":5000,\"height\":5000,\"caption\":\"NP\u00ae SiOPack\u00ae\"},\"image\":{\"@id\":\"https:\\\/\\\/www.siopack.eu\\\/fr\\\/#\\\/schema\\\/logo\\\/image\\\/\"}}]}<\/script>\n<!-- \/ Yoast SEO plugin. -->","yoast_head_json":{"title":"Avantages de SiOPack\u00ae - NP\u00ae SiOPack\u00ae","robots":{"index":"index","follow":"follow","max-snippet":"max-snippet:-1","max-image-preview":"max-image-preview:large","max-video-preview":"max-video-preview:-1"},"canonical":"https:\/\/www.siopack.eu\/fr\/services\/","og_locale":"fr_FR","og_type":"article","og_title":"Vorteile von SiOPack\u00ae - NP\u00ae SiOPack\u00ae","og_description":"NP\u00ae SiOPack\u00ae: Vorreiter f\u00fcr umweltfreundliche und effiziente Verpackungskonzepte. NP\u00ae SiOPack\u00ae stellt eine innovative Barriereschicht dar, die einen bedeutenden Fortschritt in der Verpackungsindustrie markiert. Diese Technologie bietet eine ...","og_url":"https:\/\/www.siopack.eu\/fr\/services\/","og_site_name":"NP\u00ae SiOPack\u00ae","article_modified_time":"2024-11-22T10:38:24+00:00","og_image":[{"width":629,"height":500,"url":"https:\/\/www.siopack.eu\/wp-content\/uploads\/2022\/10\/NP-SiOPack_Eis-Schokolade-Kaffee_freigestellt_klein_SiOPack-1.png","type":"image\/png"}],"twitter_card":"summary_large_image","twitter_misc":{"Dur\u00e9e de lecture estim\u00e9e":"1 minute"},"schema":{"@context":"https:\/\/schema.org","@graph":[{"@type":"WebPage","@id":"https:\/\/www.siopack.eu\/services\/","url":"https:\/\/www.siopack.eu\/services\/","name":"Avantages de SiOPack\u00ae - NP\u00ae SiOPack\u00ae","isPartOf":{"@id":"https:\/\/www.siopack.eu\/fr\/#website"},"primaryImageOfPage":{"@id":"https:\/\/www.siopack.eu\/services\/#primaryimage"},"image":{"@id":"https:\/\/www.siopack.eu\/services\/#primaryimage"},"thumbnailUrl":"https:\/\/www.siopack.eu\/wp-content\/uploads\/2022\/10\/NP-SiOPack_Eis-Schokolade-Kaffee_freigestellt_klein_SiOPack-1.png","datePublished":"2018-09-10T14:16:51+00:00","dateModified":"2024-11-22T10:38:24+00:00","breadcrumb":{"@id":"https:\/\/www.siopack.eu\/services\/#breadcrumb"},"inLanguage":"fr-FR","potentialAction":[{"@type":"ReadAction","target":["https:\/\/www.siopack.eu\/services\/"]}]},{"@type":"ImageObject","inLanguage":"fr-FR","@id":"https:\/\/www.siopack.eu\/services\/#primaryimage","url":"https:\/\/www.siopack.eu\/wp-content\/uploads\/2022\/10\/NP-SiOPack_Eis-Schokolade-Kaffee_freigestellt_klein_SiOPack-1.png","contentUrl":"https:\/\/www.siopack.eu\/wp-content\/uploads\/2022\/10\/NP-SiOPack_Eis-Schokolade-Kaffee_freigestellt_klein_SiOPack-1.png"},{"@type":"BreadcrumbList","@id":"https:\/\/www.siopack.eu\/services\/#breadcrumb","itemListElement":[{"@type":"ListItem","position":1,"name":"Start","item":"https:\/\/www.siopack.eu\/"},{"@type":"ListItem","position":2,"name":"Vorteile von SiOPack\u00ae"}]},{"@type":"WebSite","@id":"https:\/\/www.siopack.eu\/fr\/#website","url":"https:\/\/www.siopack.eu\/fr\/","name":"NP\u00ae SiOPack","description":"Emballage durable avec NP\u00ae SiOPack","publisher":{"@id":"https:\/\/www.siopack.eu\/fr\/#organization"},"potentialAction":[{"@type":"SearchAction","target":{"@type":"EntryPoint","urlTemplate":"https:\/\/www.siopack.eu\/fr\/?s={search_term_string}"},"query-input":{"@type":"PropertyValueSpecification","valueRequired":true,"valueName":"search_term_string"}}],"inLanguage":"fr-FR"},{"@type":"Organization","@id":"https:\/\/www.siopack.eu\/fr\/#organization","name":"NP\u00ae SiOPack","url":"https:\/\/www.siopack.eu\/fr\/","logo":{"@type":"ImageObject","inLanguage":"fr-FR","@id":"https:\/\/www.siopack.eu\/fr\/#\/schema\/logo\/image\/","url":"https:\/\/www.siopack.eu\/wp-content\/uploads\/2022\/05\/SiOPack-Logo-weiss.svg","contentUrl":"https:\/\/www.siopack.eu\/wp-content\/uploads\/2022\/05\/SiOPack-Logo-weiss.svg","width":5000,"height":5000,"caption":"NP\u00ae SiOPack\u00ae"},"image":{"@id":"https:\/\/www.siopack.eu\/fr\/#\/schema\/logo\/image\/"}}]}},"_links":{"self":[{"href":"https:\/\/www.siopack.eu\/fr\/wp-json\/wp\/v2\/pages\/56","targetHints":{"allow":["GET"]}}],"collection":[{"href":"https:\/\/www.siopack.eu\/fr\/wp-json\/wp\/v2\/pages"}],"about":[{"href":"https:\/\/www.siopack.eu\/fr\/wp-json\/wp\/v2\/types\/page"}],"author":[{"embeddable":true,"href":"https:\/\/www.siopack.eu\/fr\/wp-json\/wp\/v2\/users\/1"}],"replies":[{"embeddable":true,"href":"https:\/\/www.siopack.eu\/fr\/wp-json\/wp\/v2\/comments?post=56"}],"version-history":[{"count":109,"href":"https:\/\/www.siopack.eu\/fr\/wp-json\/wp\/v2\/pages\/56\/revisions"}],"predecessor-version":[{"id":1828,"href":"https:\/\/www.siopack.eu\/fr\/wp-json\/wp\/v2\/pages\/56\/revisions\/1828"}],"wp:attachment":[{"href":"https:\/\/www.siopack.eu\/fr\/wp-json\/wp\/v2\/media?parent=56"}],"curies":[{"name":"wp","href":"https:\/\/api.w.org\/{rel}","templated":true}]}}