{"id":154,"date":"2018-09-11T20:03:27","date_gmt":"2018-09-11T20:03:27","guid":{"rendered":"http:\/\/demo.cocobasic.com\/seppo-wp\/?page_id=154"},"modified":"2024-11-22T09:18:02","modified_gmt":"2024-11-22T09:18:02","slug":"millstones","status":"publish","type":"page","link":"https:\/\/www.siopack.eu\/fr\/millstones\/","title":{"rendered":"Qu'est-ce que SiOPack<sup>\u00ae<\/sup> est exactement ?"},"content":{"rendered":"<div data-elementor-type=\"wp-post\" data-elementor-id=\"154\" class=\"elementor elementor-154\" data-elementor-post-type=\"page\">\n\t\t\t\t\t\t<section class=\"elementor-section elementor-top-section elementor-element elementor-element-2304dc8b elementor-section-boxed elementor-section-height-default elementor-section-height-default\" data-id=\"2304dc8b\" data-element_type=\"section\" data-e-type=\"section\">\n\t\t\t\t\t\t<div class=\"elementor-container elementor-column-gap-default\">\n\t\t\t\t\t<div class=\"elementor-column elementor-col-100 elementor-top-column elementor-element elementor-element-63926ad4\" data-id=\"63926ad4\" data-element_type=\"column\" data-e-type=\"column\">\n\t\t\t<div class=\"elementor-widget-wrap elementor-element-populated\">\n\t\t\t\t\t\t<div class=\"elementor-element elementor-element-a20cd35 elementor-widget elementor-widget-heading\" data-id=\"a20cd35\" data-element_type=\"widget\" data-e-type=\"widget\" data-widget_type=\"heading.default\">\n\t\t\t\t<div class=\"elementor-widget-container\">\n\t\t\t\t\t<h2 class=\"elementor-heading-title elementor-size-default\">Pourquoi choisir NP<sup>\u00ae<\/sup> SiOPack<sup>\u00ae<\/sup>?<\/h2>\t\t\t\t<\/div>\n\t\t\t\t<\/div>\n\t\t\t\t\t<\/div>\n\t\t<\/div>\n\t\t\t\t\t<\/div>\n\t\t<\/section>\n\t\t\t\t<section class=\"elementor-section elementor-top-section elementor-element elementor-element-ec5169b elementor-section-boxed elementor-section-height-default elementor-section-height-default\" data-id=\"ec5169b\" data-element_type=\"section\" data-e-type=\"section\">\n\t\t\t\t\t\t<div class=\"elementor-container elementor-column-gap-default\">\n\t\t\t\t\t<div class=\"elementor-column elementor-col-33 elementor-top-column elementor-element elementor-element-21ca80a\" data-id=\"21ca80a\" data-element_type=\"column\" data-e-type=\"column\">\n\t\t\t<div class=\"elementor-widget-wrap elementor-element-populated\">\n\t\t\t\t\t\t<div class=\"elementor-element elementor-element-e050fe9 elementor-widget elementor-widget-text-editor\" data-id=\"e050fe9\" data-element_type=\"widget\" data-e-type=\"widget\" data-widget_type=\"text-editor.default\">\n\t\t\t\t<div class=\"elementor-widget-container\">\n\t\t\t\t\t\t\t\t\tAvec NP<sup>\u00ae<\/sup> SiOPack<sup>\u00ae<\/sup> , votre mat\u00e9riau d\u2019emballage devient r\u00e9sistant aux liquides, aux huiles et aux micro-organismes. Ce rev\u00eatement barri\u00e8re innovant peut \u00eatre appliqu\u00e9 sur les surfaces int\u00e9rieures et ext\u00e9rieures des emballages, offrant une protection fiable \u2013 m\u00eame au niveau des ar\u00eates.\t\t\t\t\t\t\t\t<\/div>\n\t\t\t\t<\/div>\n\t\t\t\t<div class=\"elementor-element elementor-element-04803ae elementor-hidden-desktop elementor-widget elementor-widget-spacer\" data-id=\"04803ae\" data-element_type=\"widget\" data-e-type=\"widget\" data-widget_type=\"spacer.default\">\n\t\t\t\t<div class=\"elementor-widget-container\">\n\t\t\t\t\t\t\t<div class=\"elementor-spacer\">\n\t\t\t<div class=\"elementor-spacer-inner\"><\/div>\n\t\t<\/div>\n\t\t\t\t\t\t<\/div>\n\t\t\t\t<\/div>\n\t\t\t\t\t<\/div>\n\t\t<\/div>\n\t\t\t\t<div class=\"elementor-column elementor-col-66 elementor-top-column elementor-element elementor-element-4982c79\" data-id=\"4982c79\" data-element_type=\"column\" data-e-type=\"column\">\n\t\t\t<div class=\"elementor-widget-wrap elementor-element-populated\">\n\t\t\t\t\t\t<div class=\"elementor-element elementor-element-5351bf4 elementor-widget__width-inherit elementor-arrows-position-inside elementor-widget elementor-widget-image-carousel\" data-id=\"5351bf4\" data-element_type=\"widget\" data-e-type=\"widget\" data-settings=\"{&quot;slides_to_show&quot;:&quot;1&quot;,&quot;navigation&quot;:&quot;arrows&quot;,&quot;autoplay&quot;:&quot;yes&quot;,&quot;pause_on_hover&quot;:&quot;yes&quot;,&quot;pause_on_interaction&quot;:&quot;yes&quot;,&quot;autoplay_speed&quot;:5000,&quot;infinite&quot;:&quot;yes&quot;,&quot;effect&quot;:&quot;slide&quot;,&quot;speed&quot;:500}\" data-widget_type=\"image-carousel.default\">\n\t\t\t\t<div class=\"elementor-widget-container\">\n\t\t\t\t\t\t\t<div class=\"elementor-image-carousel-wrapper swiper\" role=\"region\" aria-roledescription=\"carousel\" aria-label=\"Image Carousel\" dir=\"ltr\" data-no-translation-aria-label=\"\">\n\t\t\t<div class=\"elementor-image-carousel swiper-wrapper\" aria-live=\"off\">\n\t\t\t\t\t\t\t\t<div class=\"swiper-slide\" role=\"group\" aria-roledescription=\"slide\" aria-label=\"1 of 4\" data-no-translation-aria-label=\"\"><figure class=\"swiper-slide-inner\"><img decoding=\"async\" class=\"swiper-slide-image\" src=\"https:\/\/www.siopack.eu\/wp-content\/uploads\/2022\/10\/SiOPack_Pappverpackung-Salat-300x212.png\" alt=\"SiOPack_Pappverpackung-Salat\" \/><\/figure><\/div><div class=\"swiper-slide\" role=\"group\" aria-roledescription=\"slide\" aria-label=\"2 of 4\" data-no-translation-aria-label=\"\"><figure class=\"swiper-slide-inner\"><img decoding=\"async\" class=\"swiper-slide-image\" src=\"https:\/\/www.siopack.eu\/wp-content\/uploads\/2022\/10\/raspberries-ga6cabc030_1920-300x200.jpg\" alt=\"raspberries-ga6cabc030_1920\" \/><\/figure><\/div><div class=\"swiper-slide\" role=\"group\" aria-roledescription=\"slide\" aria-label=\"3 of 4\" data-no-translation-aria-label=\"\"><figure class=\"swiper-slide-inner\"><img decoding=\"async\" class=\"swiper-slide-image\" src=\"https:\/\/www.siopack.eu\/wp-content\/uploads\/2022\/10\/paper-cup-g06f2ade23_1920-300x200.jpg\" alt=\"paper-cup-g06f2ade23_1920\" \/><\/figure><\/div><div class=\"swiper-slide\" role=\"group\" aria-roledescription=\"slide\" aria-label=\"4 of 4\" data-no-translation-aria-label=\"\"><figure class=\"swiper-slide-inner\"><img decoding=\"async\" class=\"swiper-slide-image\" src=\"https:\/\/www.siopack.eu\/wp-content\/uploads\/2022\/10\/egg-g3a3b1d984_1920-300x200.jpg\" alt=\"egg-g3a3b1d984_1920\" \/><\/figure><\/div>\t\t\t<\/div>\n\t\t\t\t\t\t\t\t\t\t\t\t<div class=\"elementor-swiper-button elementor-swiper-button-prev\" role=\"button\" tabindex=\"0\">\n\t\t\t\t\t\t<i aria-hidden=\"true\" class=\"eicon-chevron-left\"><\/i>\t\t\t\t\t<\/div>\n\t\t\t\t\t<div class=\"elementor-swiper-button elementor-swiper-button-next\" role=\"button\" tabindex=\"0\">\n\t\t\t\t\t\t<i aria-hidden=\"true\" class=\"eicon-chevron-right\"><\/i>\t\t\t\t\t<\/div>\n\t\t\t\t\n\t\t\t\t\t\t\t\t\t<\/div>\n\t\t\t\t\t\t<\/div>\n\t\t\t\t<\/div>\n\t\t\t\t\t<\/div>\n\t\t<\/div>\n\t\t\t\t\t<\/div>\n\t\t<\/section>\n\t\t\t\t<section class=\"elementor-section elementor-top-section elementor-element elementor-element-f80399b elementor-section-boxed elementor-section-height-default elementor-section-height-default\" data-id=\"f80399b\" data-element_type=\"section\" data-e-type=\"section\">\n\t\t\t\t\t\t<div class=\"elementor-container elementor-column-gap-default\">\n\t\t\t\t\t<div class=\"elementor-column elementor-col-100 elementor-top-column elementor-element elementor-element-d2107cc\" data-id=\"d2107cc\" data-element_type=\"column\" data-e-type=\"column\">\n\t\t\t<div class=\"elementor-widget-wrap elementor-element-populated\">\n\t\t\t\t\t\t<div class=\"elementor-element elementor-element-2924f34 elementor-widget elementor-widget-heading\" data-id=\"2924f34\" data-element_type=\"widget\" data-e-type=\"widget\" data-widget_type=\"heading.default\">\n\t\t\t\t<div class=\"elementor-widget-container\">\n\t\t\t\t\t<h2 class=\"elementor-heading-title elementor-size-default\">\u00c9cologique et efficace <\/h2>\t\t\t\t<\/div>\n\t\t\t\t<\/div>\n\t\t\t\t<div class=\"elementor-element elementor-element-2ec200b elementor-widget elementor-widget-text-editor\" data-id=\"2ec200b\" data-element_type=\"widget\" data-e-type=\"widget\" data-widget_type=\"text-editor.default\">\n\t\t\t\t<div class=\"elementor-widget-container\">\n\t\t\t\t\t\t\t\t\tL\u2019efficacit\u00e9 de NP<sup>\u00ae<\/sup> SiOPack<sup>\u00ae<\/sup> repose sur son mat\u00e9riau de base biologiquement s\u00fbr, d\u00e9riv\u00e9 du sable \u2013 une substance naturelle et pure \u00e9galement utilis\u00e9e dans la fabrication du verre. Cette composition rend NP<sup>\u00ae<\/sup> SiOPack<sup>\u00ae<\/sup> non seulement performant, mais aussi enti\u00e8rement compostable, en faisant un \u00e9l\u00e9ment cl\u00e9 dans l\u2019industrie des emballages durables. NP<sup>\u00ae<\/sup> SiOPack<sup>\u00ae<\/sup> allie technologie innovante et respect de l\u2019environnement, offrant une solution \u00e9cologique qui s\u2019int\u00e8gre harmonieusement dans le cycle naturel.\t\t\t\t\t\t\t\t<\/div>\n\t\t\t\t<\/div>\n\t\t\t\t\t<\/div>\n\t\t<\/div>\n\t\t\t\t\t<\/div>\n\t\t<\/section>\n\t\t\t\t<section class=\"elementor-section elementor-top-section elementor-element elementor-element-e7c9744 elementor-section-boxed elementor-section-height-default elementor-section-height-default\" data-id=\"e7c9744\" data-element_type=\"section\" data-e-type=\"section\">\n\t\t\t\t\t\t<div class=\"elementor-container elementor-column-gap-default\">\n\t\t\t\t\t<div class=\"elementor-column elementor-col-100 elementor-top-column elementor-element elementor-element-f72845f\" data-id=\"f72845f\" data-element_type=\"column\" data-e-type=\"column\">\n\t\t\t<div class=\"elementor-widget-wrap elementor-element-populated\">\n\t\t\t\t\t\t<div class=\"elementor-element elementor-element-72dd464 elementor-widget elementor-widget-spacer\" data-id=\"72dd464\" data-element_type=\"widget\" data-e-type=\"widget\" data-widget_type=\"spacer.default\">\n\t\t\t\t<div class=\"elementor-widget-container\">\n\t\t\t\t\t\t\t<div class=\"elementor-spacer\">\n\t\t\t<div class=\"elementor-spacer-inner\"><\/div>\n\t\t<\/div>\n\t\t\t\t\t\t<\/div>\n\t\t\t\t<\/div>\n\t\t\t\t<div class=\"elementor-element elementor-element-9b00a1d elementor-widget elementor-widget-heading\" data-id=\"9b00a1d\" data-element_type=\"widget\" data-e-type=\"widget\" data-widget_type=\"heading.default\">\n\t\t\t\t<div class=\"elementor-widget-container\">\n\t\t\t\t\t<h2 class=\"elementor-heading-title elementor-size-default\">Votre partenaire pour des solutions d\u2019emballage durables <\/h2>\t\t\t\t<\/div>\n\t\t\t\t<\/div>\n\t\t\t\t<div class=\"elementor-element elementor-element-43ed20c elementor-widget elementor-widget-text-editor\" data-id=\"43ed20c\" data-element_type=\"widget\" data-e-type=\"widget\" data-widget_type=\"text-editor.default\">\n\t\t\t\t<div class=\"elementor-widget-container\">\n\t\t\t\t\t\t\t\t\tAvec NP<sup>\u00ae<\/sup> SiOPack<sup>\u00ae<\/sup> , vous optez pour une solution d\u2019emballage durable qui allie respect de l\u2019environnement et fonctionnalit\u00e9s sup\u00e9rieures. D\u00e9couvrez comment NP<sup>\u00ae<\/sup> SiOPack<sup>\u00ae<\/sup> prot\u00e8ge vos produits tout en pr\u00e9servant la plan\u00e8te.\t\t\t\t\t\t\t\t<\/div>\n\t\t\t\t<\/div>\n\t\t\t\t\t<\/div>\n\t\t<\/div>\n\t\t\t\t\t<\/div>\n\t\t<\/section>\n\t\t\t\t<\/div>","protected":false},"excerpt":{"rendered":"<p>Warum NP\u00ae SiOPack\u00ae? Mit NP\u00ae SiOPack\u00ae wird Ihr Verpackungsmaterial resistent gegen Fl\u00fcssigkeiten, \u00d6le und Mikroorganismen. Die innovative Barriereschicht kann sowohl auf der Innen- als auch auf der &#8230;<\/p>","protected":false},"author":1,"featured_media":0,"parent":0,"menu_order":2,"comment_status":"closed","ping_status":"closed","template":"elementor_header_footer","meta":{"inline_featured_image":false,"_themeisle_gutenberg_block_has_review":false,"footnotes":""},"class_list":["post-154","page","type-page","status-publish","hentry"],"yoast_head":"<!-- This site is optimized with the Yoast SEO plugin v27.2 - https:\/\/yoast.com\/product\/yoast-seo-wordpress\/ -->\n<title>Was genau ist SiOPack\u00ae? - NP\u00ae SiOPack\u00ae<\/title>\n<meta name=\"robots\" content=\"index, follow, max-snippet:-1, max-image-preview:large, max-video-preview:-1\" \/>\n<link rel=\"canonical\" href=\"https:\/\/www.siopack.eu\/fr\/millstones\/\" \/>\n<meta property=\"og:locale\" content=\"fr_FR\" \/>\n<meta property=\"og:type\" content=\"article\" \/>\n<meta property=\"og:title\" content=\"Was genau ist SiOPack\u00ae? - NP\u00ae SiOPack\u00ae\" \/>\n<meta property=\"og:description\" content=\"Warum NP\u00ae SiOPack\u00ae? Mit NP\u00ae SiOPack\u00ae wird Ihr Verpackungsmaterial resistent gegen Fl\u00fcssigkeiten, \u00d6le und Mikroorganismen. Die innovative Barriereschicht kann sowohl auf der Innen- als auch auf der ...\" \/>\n<meta property=\"og:url\" content=\"https:\/\/www.siopack.eu\/fr\/millstones\/\" \/>\n<meta property=\"og:site_name\" content=\"NP\u00ae SiOPack\u00ae\" \/>\n<meta property=\"article:modified_time\" content=\"2024-11-22T09:18:02+00:00\" \/>\n<meta property=\"og:image\" content=\"https:\/\/www.siopack.eu\/wp-content\/uploads\/2022\/10\/SiOPack_Pappverpackung-Salat-300x212.png\" \/>\n<meta name=\"twitter:card\" content=\"summary_large_image\" \/>\n<meta name=\"twitter:label1\" content=\"Dur\u00e9e de lecture estim\u00e9e\" \/>\n\t<meta name=\"twitter:data1\" content=\"1 minute\" \/>\n<script type=\"application\/ld+json\" class=\"yoast-schema-graph\">{\"@context\":\"https:\/\/schema.org\",\"@graph\":[{\"@type\":\"WebPage\",\"@id\":\"https:\/\/www.siopack.eu\/millstones\/\",\"url\":\"https:\/\/www.siopack.eu\/millstones\/\",\"name\":\"Was genau ist SiOPack\u00ae? - NP\u00ae SiOPack\u00ae\",\"isPartOf\":{\"@id\":\"https:\/\/www.siopack.eu\/fr\/#website\"},\"primaryImageOfPage\":{\"@id\":\"https:\/\/www.siopack.eu\/millstones\/#primaryimage\"},\"image\":{\"@id\":\"https:\/\/www.siopack.eu\/millstones\/#primaryimage\"},\"thumbnailUrl\":\"https:\/\/www.siopack.eu\/wp-content\/uploads\/2022\/10\/SiOPack_Pappverpackung-Salat-300x212.png\",\"datePublished\":\"2018-09-11T20:03:27+00:00\",\"dateModified\":\"2024-11-22T09:18:02+00:00\",\"breadcrumb\":{\"@id\":\"https:\/\/www.siopack.eu\/millstones\/#breadcrumb\"},\"inLanguage\":\"fr-FR\",\"potentialAction\":[{\"@type\":\"ReadAction\",\"target\":[\"https:\/\/www.siopack.eu\/millstones\/\"]}]},{\"@type\":\"ImageObject\",\"inLanguage\":\"fr-FR\",\"@id\":\"https:\/\/www.siopack.eu\/millstones\/#primaryimage\",\"url\":\"https:\/\/www.siopack.eu\/wp-content\/uploads\/2022\/10\/SiOPack_Pappverpackung-Salat-300x212.png\",\"contentUrl\":\"https:\/\/www.siopack.eu\/wp-content\/uploads\/2022\/10\/SiOPack_Pappverpackung-Salat-300x212.png\"},{\"@type\":\"BreadcrumbList\",\"@id\":\"https:\/\/www.siopack.eu\/millstones\/#breadcrumb\",\"itemListElement\":[{\"@type\":\"ListItem\",\"position\":1,\"name\":\"Start\",\"item\":\"https:\/\/www.siopack.eu\/\"},{\"@type\":\"ListItem\",\"position\":2,\"name\":\"Was genau ist SiOPack\u00ae?\"}]},{\"@type\":\"WebSite\",\"@id\":\"https:\/\/www.siopack.eu\/fr\/#website\",\"url\":\"https:\/\/www.siopack.eu\/fr\/\",\"name\":\"NP\u00ae SiOPack\u00ae\",\"description\":\"Sustainable packaging with NP\u00ae SiOPack\u00ae\",\"publisher\":{\"@id\":\"https:\/\/www.siopack.eu\/fr\/#organization\"},\"potentialAction\":[{\"@type\":\"SearchAction\",\"target\":{\"@type\":\"EntryPoint\",\"urlTemplate\":\"https:\/\/www.siopack.eu\/fr\/?s={search_term_string}\"},\"query-input\":{\"@type\":\"PropertyValueSpecification\",\"valueRequired\":true,\"valueName\":\"search_term_string\"}}],\"inLanguage\":\"fr-FR\"},{\"@type\":\"Organization\",\"@id\":\"https:\/\/www.siopack.eu\/fr\/#organization\",\"name\":\"NP\u00ae SiOPack\u00ae\",\"url\":\"https:\/\/www.siopack.eu\/fr\/\",\"logo\":{\"@type\":\"ImageObject\",\"inLanguage\":\"fr-FR\",\"@id\":\"https:\/\/www.siopack.eu\/fr\/#\/schema\/logo\/image\/\",\"url\":\"https:\/\/www.siopack.eu\/wp-content\/uploads\/2022\/05\/SiOPack-Logo-weiss.svg\",\"contentUrl\":\"https:\/\/www.siopack.eu\/wp-content\/uploads\/2022\/05\/SiOPack-Logo-weiss.svg\",\"width\":5000,\"height\":5000,\"caption\":\"NP\u00ae SiOPack\u00ae\"},\"image\":{\"@id\":\"https:\/\/www.siopack.eu\/fr\/#\/schema\/logo\/image\/\"}}]}<\/script>\n<!-- \/ Yoast SEO plugin. -->","yoast_head_json":{"title":"Was genau ist SiOPack\u00ae? - NP\u00ae SiOPack\u00ae","robots":{"index":"index","follow":"follow","max-snippet":"max-snippet:-1","max-image-preview":"max-image-preview:large","max-video-preview":"max-video-preview:-1"},"canonical":"https:\/\/www.siopack.eu\/fr\/millstones\/","og_locale":"fr_FR","og_type":"article","og_title":"Was genau ist SiOPack\u00ae? - NP\u00ae SiOPack\u00ae","og_description":"Warum NP\u00ae SiOPack\u00ae? Mit NP\u00ae SiOPack\u00ae wird Ihr Verpackungsmaterial resistent gegen Fl\u00fcssigkeiten, \u00d6le und Mikroorganismen. Die innovative Barriereschicht kann sowohl auf der Innen- als auch auf der ...","og_url":"https:\/\/www.siopack.eu\/fr\/millstones\/","og_site_name":"NP\u00ae SiOPack\u00ae","article_modified_time":"2024-11-22T09:18:02+00:00","og_image":[{"url":"https:\/\/www.siopack.eu\/wp-content\/uploads\/2022\/10\/SiOPack_Pappverpackung-Salat-300x212.png","type":"","width":"","height":""}],"twitter_card":"summary_large_image","twitter_misc":{"Dur\u00e9e de lecture estim\u00e9e":"1 minute"},"schema":{"@context":"https:\/\/schema.org","@graph":[{"@type":"WebPage","@id":"https:\/\/www.siopack.eu\/millstones\/","url":"https:\/\/www.siopack.eu\/millstones\/","name":"Was genau ist SiOPack\u00ae? - NP\u00ae SiOPack\u00ae","isPartOf":{"@id":"https:\/\/www.siopack.eu\/fr\/#website"},"primaryImageOfPage":{"@id":"https:\/\/www.siopack.eu\/millstones\/#primaryimage"},"image":{"@id":"https:\/\/www.siopack.eu\/millstones\/#primaryimage"},"thumbnailUrl":"https:\/\/www.siopack.eu\/wp-content\/uploads\/2022\/10\/SiOPack_Pappverpackung-Salat-300x212.png","datePublished":"2018-09-11T20:03:27+00:00","dateModified":"2024-11-22T09:18:02+00:00","breadcrumb":{"@id":"https:\/\/www.siopack.eu\/millstones\/#breadcrumb"},"inLanguage":"fr-FR","potentialAction":[{"@type":"ReadAction","target":["https:\/\/www.siopack.eu\/millstones\/"]}]},{"@type":"ImageObject","inLanguage":"fr-FR","@id":"https:\/\/www.siopack.eu\/millstones\/#primaryimage","url":"https:\/\/www.siopack.eu\/wp-content\/uploads\/2022\/10\/SiOPack_Pappverpackung-Salat-300x212.png","contentUrl":"https:\/\/www.siopack.eu\/wp-content\/uploads\/2022\/10\/SiOPack_Pappverpackung-Salat-300x212.png"},{"@type":"BreadcrumbList","@id":"https:\/\/www.siopack.eu\/millstones\/#breadcrumb","itemListElement":[{"@type":"ListItem","position":1,"name":"Start","item":"https:\/\/www.siopack.eu\/"},{"@type":"ListItem","position":2,"name":"Was genau ist SiOPack\u00ae?"}]},{"@type":"WebSite","@id":"https:\/\/www.siopack.eu\/fr\/#website","url":"https:\/\/www.siopack.eu\/fr\/","name":"NP\u00ae SiOPack","description":"Emballage durable avec NP\u00ae SiOPack","publisher":{"@id":"https:\/\/www.siopack.eu\/fr\/#organization"},"potentialAction":[{"@type":"SearchAction","target":{"@type":"EntryPoint","urlTemplate":"https:\/\/www.siopack.eu\/fr\/?s={search_term_string}"},"query-input":{"@type":"PropertyValueSpecification","valueRequired":true,"valueName":"search_term_string"}}],"inLanguage":"fr-FR"},{"@type":"Organization","@id":"https:\/\/www.siopack.eu\/fr\/#organization","name":"NP\u00ae SiOPack","url":"https:\/\/www.siopack.eu\/fr\/","logo":{"@type":"ImageObject","inLanguage":"fr-FR","@id":"https:\/\/www.siopack.eu\/fr\/#\/schema\/logo\/image\/","url":"https:\/\/www.siopack.eu\/wp-content\/uploads\/2022\/05\/SiOPack-Logo-weiss.svg","contentUrl":"https:\/\/www.siopack.eu\/wp-content\/uploads\/2022\/05\/SiOPack-Logo-weiss.svg","width":5000,"height":5000,"caption":"NP\u00ae SiOPack\u00ae"},"image":{"@id":"https:\/\/www.siopack.eu\/fr\/#\/schema\/logo\/image\/"}}]}},"_links":{"self":[{"href":"https:\/\/www.siopack.eu\/fr\/wp-json\/wp\/v2\/pages\/154","targetHints":{"allow":["GET"]}}],"collection":[{"href":"https:\/\/www.siopack.eu\/fr\/wp-json\/wp\/v2\/pages"}],"about":[{"href":"https:\/\/www.siopack.eu\/fr\/wp-json\/wp\/v2\/types\/page"}],"author":[{"embeddable":true,"href":"https:\/\/www.siopack.eu\/fr\/wp-json\/wp\/v2\/users\/1"}],"replies":[{"embeddable":true,"href":"https:\/\/www.siopack.eu\/fr\/wp-json\/wp\/v2\/comments?post=154"}],"version-history":[{"count":77,"href":"https:\/\/www.siopack.eu\/fr\/wp-json\/wp\/v2\/pages\/154\/revisions"}],"predecessor-version":[{"id":1799,"href":"https:\/\/www.siopack.eu\/fr\/wp-json\/wp\/v2\/pages\/154\/revisions\/1799"}],"wp:attachment":[{"href":"https:\/\/www.siopack.eu\/fr\/wp-json\/wp\/v2\/media?parent=154"}],"curies":[{"name":"wp","href":"https:\/\/api.w.org\/{rel}","templated":true}]}}