{"id":625,"date":"2020-10-29T15:08:08","date_gmt":"2020-10-29T15:08:08","guid":{"rendered":"https:\/\/siopack.de\/?page_id=625"},"modified":"2022-10-19T11:14:59","modified_gmt":"2022-10-19T11:14:59","slug":"impressum","status":"publish","type":"page","link":"https:\/\/www.siopack.eu\/en\/impressum\/","title":{"rendered":"Imprint"},"content":{"rendered":"\t\t<div data-elementor-type=\"wp-page\" data-elementor-id=\"625\" class=\"elementor elementor-625\" data-elementor-post-type=\"page\">\n\t\t\t\t\t\t<section class=\"elementor-section elementor-top-section elementor-element elementor-element-756a6d9a elementor-section-boxed elementor-section-height-default elementor-section-height-default\" data-id=\"756a6d9a\" data-element_type=\"section\" data-e-type=\"section\">\n\t\t\t\t\t\t<div class=\"elementor-container elementor-column-gap-default\">\n\t\t\t\t\t<div class=\"elementor-column elementor-col-100 elementor-top-column elementor-element elementor-element-3c14a490\" data-id=\"3c14a490\" data-element_type=\"column\" data-e-type=\"column\">\n\t\t\t<div class=\"elementor-widget-wrap elementor-element-populated\">\n\t\t\t\t\t\t<div class=\"elementor-element elementor-element-4942276 elementor-widget elementor-widget-text-editor\" data-id=\"4942276\" data-element_type=\"widget\" data-e-type=\"widget\" data-widget_type=\"text-editor.default\">\n\t\t\t\t<div class=\"elementor-widget-container\">\n\t\t\t\t\t\t\t\t\t<p>nanopool GmbH<br>Zum Felsacker 76 <br>66773 Schwalbach<br>Deutschland<\/p>\n<p>Gesch\u00e4ftsf\u00fchrer\/in: Sascha Schwindt<\/p>\n<p>Internet: <a href=\"https:\/\/www.dsm-online.eu\" target=\"_blank\" rel=\"noopener\">www.siopack.de<\/a><br>Telefon: 068318902712<br>Telefax: 068318902715<br>E-Mail: info@nanopool.eu<\/p>\n<p>Sitz der Gesellschaft: Schwalbach<br>Registergericht: Amtsgericht Saarbr\u00fccken <br>Registernummer: HRB12596<br>Ust-ID: DE221857479<\/p>\n<p><strong>Haftung f\u00fcr Inhalte<\/strong><\/p>\n<p>Die Inhalte unserer Seiten wurden mit gr\u00f6\u00dfter Sorgfalt erstellt. F\u00fcr die Richtigkeit, Vollst\u00e4ndigkeit und Aktualit\u00e4t der Inhalte k\u00f6nnen wir jedoch keine Gew\u00e4hr \u00fcbernehmen. Als Diensteanbieter sind wir gem\u00e4\u00df \u00a7 7 Abs.1 TMG f\u00fcr eigene Inhalte auf diesen Seiten nach den allgemeinen Gesetzen verantwortlich. Nach \u00a7\u00a7 8 bis 10 TMG sind wir als Diensteanbieter jedoch nicht verpflichtet, \u00fcbermittelte oder gespeicherte fremde Informationen zu \u00fcberwachen oder nach Umst\u00e4nden zu forschen, die auf eine rechtswidrige T\u00e4tigkeit hinweisen. Verpflichtungen zur Entfernung oder Sperrung der Nutzung von Informationen nach den allgemeinen Gesetzen bleiben hiervon unber\u00fchrt. Eine diesbez\u00fcgliche Haftung ist jedoch erst ab dem Zeitpunkt der Kenntnis einer konkreten Rechtsverletzung m\u00f6glich. Bei Bekanntwerden von entsprechenden Rechtsverletzungen werden wir diese Inhalte umgehend entfernen.<\/p>\n<p>\u00dcbersetzung, Druck, Vervielf\u00e4ltigung sowie Speicherung in Datenverarbeitungsanlagen nur mit ausdr\u00fccklicher Genehmigung der [nanopool GmbH]. Alle genannten Marken und Logos sind Marken der entsprechenden Eigent\u00fcmer oder der [nanopool GmbH].<\/p>\n<p><strong>Haftung f\u00fcr Links<\/strong><\/p>\n<p>Unser Angebot enth\u00e4lt Links zu externen Webseiten Dritter, auf deren Inhalte wir keinen Einfluss haben. Deshalb k\u00f6nnen wir f\u00fcr diese fremden Inhalte auch keine Gew\u00e4hr \u00fcbernehmen. F\u00fcr die Inhalte der verlinkten Seiten ist stets der jeweilige Anbieter oder Betreiber der Seiten verantwortlich. Die verlinkten Seiten wurden zum Zeitpunkt der Verlinkung auf m\u00f6gliche Rechtsverst\u00f6\u00dfe \u00fcberpr\u00fcft. Rechtswidrige Inhalte waren zum Zeitpunkt der Verlinkung nicht erkennbar. Eine permanente inhaltliche Kontrolle der verlinkten Seiten ist jedoch ohne konkrete Anhaltspunkte einer Rechtsverletzung nicht zumutbar. Bei Bekanntwerden von Rechtsverletzungen werden wir derartige Links umgehend entfernen.<\/p>\n<p><strong>Urheberrecht<\/strong><\/p>\n<p>Die durch die Seitenbetreiber erstellten Inhalte und Werke auf diesen Seiten unterliegen dem deutschen Urheberrecht. Die Vervielf\u00e4ltigung, Bearbeitung, Verbreitung und jede Art der Verwertung au\u00dferhalb der Grenzen des Urheberrechtes bed\u00fcrfen der schriftlichen Zustimmung des jeweiligen Autors bzw. Erstellers. Downloads und Kopien dieser Seite sind nur f\u00fcr den privaten, nicht kommerziellen Gebrauch gestattet. Soweit die Inhalte auf dieser Seite nicht vom Betreiber erstellt wurden, werden die Urheberrechte Dritter beachtet. Insbesondere werden Inhalte Dritter als solche gekennzeichnet. Sollten Sie trotzdem auf eine Urheberrechtsverletzung aufmerksam werden, bitten wir um einen entsprechenden Hinweis. Bei Bekanntwerden von Rechtsverletzungen werden wir derartige Inhalte umgehend entfernen.<\/p>\n<p><strong>Bildnachweis:<\/strong><\/p>\n<p>SiOPack_Pappverpackung-Salat &#8211; \u00a9Nanopool\u00ae<\/p>\n<p>himbeeren-kasten-eingefroren-karton-5331947 &#8211; \u00a9<a href=\"https:\/\/pixabay.com\/de\/users\/dohnalovajane-11160395\/\">dohnalovajane<\/a> https:\/\/pixabay.com<\/p>\n<p>egg-g3a3b1d984_1920 &#8211; \u00a9<a href=\"https:\/\/pixabay.com\/de\/users\/flitsart-717386\/\">FlitsArt <\/a>https:\/\/pixabay.com<\/p>\n<p>paper-cup-g06f2ade23_1920 &#8211; \u00a9<a href=\"https:\/\/pixabay.com\/de\/users\/fotocaner-20311136\/\">fotocaner<\/a> https:\/\/pixabay.com<\/p>\n<p>Haardicke\/Barriereschicht\/Flexibilit\u00e4t &#8211; \u00a9Nanopool\u00ae<\/p>\n<p>NP-SiOPack_Eis-Schokolade-Kaffee_freigestellt_klein_SiOPack &#8211; \u00a9Nanopool\u00ae<\/p>\n<p>MSA-Messungen &#8211; \u00a9Nanopool\u00ae<\/p>\n<p>Maschine zum Schneiden von Rollen &#8211; \u00a9ssp48<\/p>\n<p>Gruppe von braunen Papierrollen f\u00fcr Heimwerker &#8211; \u00a9nanihta<\/p>\n<p>Neugedacht:<\/p>\n<p>Kraftpapier gestrichen\/PET\/Kaschierkleber\/ transparente Siegelschicht (SAES-Folie) &#8211; \u00a9Nanopool\u00ae<\/p>\n<p>Polypropylen Mattfolie mit antimikrobieller\/ antiviraler SiOPack\u00ae Barriereschicht &#8211; \u00a9Nanopool\u00ae<\/p>\n<p>Kraftpapier gestrichen\/PET\/Kaschierkleber\/met. BXM Siegelschicht (SAES-Folie) &#8211; \u00a9Nanopool\u00ae<\/p>\n<p>Anwendung in der industriellen Applikation (Folie\/Papierrollen(wei\u00df+braun)\/Beh\u00e4lter\/Strohhalm)&nbsp; &#8211; \u00a9Nanopool\u00ae<\/p>\n<p>Rem-Aufnahme &#8211; \u00a9Nanopool\u00ae<\/p>\n<p>Fotomontage Packaging-Journal &#8211; \u00a9Nanopool\u00ae<\/p>\n<p><\/p>\n<p>Impressum erstellt durch die <a href=\"https:\/\/www.dsm-online.eu\" target=\"_blank\" rel=\"noopener\">DSM-online GmbH<\/a><\/p>\t\t\t\t\t\t\t\t<\/div>\n\t\t\t\t<\/div>\n\t\t\t\t\t<\/div>\n\t\t<\/div>\n\t\t\t\t\t<\/div>\n\t\t<\/section>\n\t\t\t\t<\/div>\n\t\t","protected":false},"excerpt":{"rendered":"<p>nanopool GmbHZum Felsacker 76 66773 SchwalbachDeutschland Gesch\u00e4ftsf\u00fchrer\/in: Sascha Schwindt Internet: www.siopack.deTelefon: 068318902712Telefax: 068318902715E-Mail: info@nanopool.eu Sitz der Gesellschaft: SchwalbachRegistergericht: Amtsgericht Saarbr\u00fccken Registernummer: HRB12596Ust-ID: DE221857479 Haftung f\u00fcr Inhalte Die &#8230;<\/p>","protected":false},"author":1,"featured_media":0,"parent":0,"menu_order":30,"comment_status":"closed","ping_status":"open","template":"","meta":{"inline_featured_image":false,"_themeisle_gutenberg_block_has_review":false,"footnotes":""},"class_list":["post-625","page","type-page","status-publish","hentry"],"yoast_head":"<!-- This site is optimized with the Yoast SEO plugin v27.2 - https:\/\/yoast.com\/product\/yoast-seo-wordpress\/ -->\n<title>Impressum - NP\u00ae SiOPack\u00ae<\/title>\n<meta name=\"robots\" content=\"index, follow, max-snippet:-1, max-image-preview:large, max-video-preview:-1\" \/>\n<link rel=\"canonical\" href=\"https:\/\/www.siopack.eu\/en\/impressum\/\" \/>\n<meta property=\"og:locale\" content=\"en_GB\" \/>\n<meta property=\"og:type\" content=\"article\" \/>\n<meta property=\"og:title\" content=\"Impressum - NP\u00ae SiOPack\u00ae\" \/>\n<meta property=\"og:description\" content=\"nanopool GmbHZum Felsacker 76 66773 SchwalbachDeutschland Gesch\u00e4ftsf\u00fchrer\/in: Sascha Schwindt Internet: www.siopack.deTelefon: 068318902712Telefax: 068318902715E-Mail: info@nanopool.eu Sitz der Gesellschaft: SchwalbachRegistergericht: Amtsgericht Saarbr\u00fccken Registernummer: HRB12596Ust-ID: DE221857479 Haftung f\u00fcr Inhalte Die ...\" \/>\n<meta property=\"og:url\" content=\"https:\/\/www.siopack.eu\/en\/impressum\/\" \/>\n<meta property=\"og:site_name\" content=\"NP\u00ae SiOPack\u00ae\" \/>\n<meta property=\"article:modified_time\" content=\"2022-10-19T11:14:59+00:00\" \/>\n<meta name=\"twitter:card\" content=\"summary_large_image\" \/>\n<meta name=\"twitter:label1\" content=\"Estimated reading time\" \/>\n\t<meta name=\"twitter:data1\" content=\"3 minutes\" \/>\n<script type=\"application\/ld+json\" class=\"yoast-schema-graph\">{\"@context\":\"https:\/\/schema.org\",\"@graph\":[{\"@type\":\"WebPage\",\"@id\":\"https:\/\/www.siopack.eu\/fr\/impressum\/\",\"url\":\"https:\/\/www.siopack.eu\/fr\/impressum\/\",\"name\":\"Impressum - NP\u00ae SiOPack\u00ae\",\"isPartOf\":{\"@id\":\"https:\/\/www.siopack.eu\/fr\/#website\"},\"datePublished\":\"2020-10-29T15:08:08+00:00\",\"dateModified\":\"2022-10-19T11:14:59+00:00\",\"breadcrumb\":{\"@id\":\"https:\/\/www.siopack.eu\/fr\/impressum\/#breadcrumb\"},\"inLanguage\":\"en-GB\",\"potentialAction\":[{\"@type\":\"ReadAction\",\"target\":[\"https:\/\/www.siopack.eu\/fr\/impressum\/\"]}]},{\"@type\":\"BreadcrumbList\",\"@id\":\"https:\/\/www.siopack.eu\/fr\/impressum\/#breadcrumb\",\"itemListElement\":[{\"@type\":\"ListItem\",\"position\":1,\"name\":\"Start\",\"item\":\"https:\/\/www.siopack.eu\/\"},{\"@type\":\"ListItem\",\"position\":2,\"name\":\"Impressum\"}]},{\"@type\":\"WebSite\",\"@id\":\"https:\/\/www.siopack.eu\/fr\/#website\",\"url\":\"https:\/\/www.siopack.eu\/fr\/\",\"name\":\"NP\u00ae SiOPack\u00ae\",\"description\":\"Sustainable packaging with NP\u00ae SiOPack\u00ae\",\"publisher\":{\"@id\":\"https:\/\/www.siopack.eu\/fr\/#organization\"},\"potentialAction\":[{\"@type\":\"SearchAction\",\"target\":{\"@type\":\"EntryPoint\",\"urlTemplate\":\"https:\/\/www.siopack.eu\/fr\/?s={search_term_string}\"},\"query-input\":{\"@type\":\"PropertyValueSpecification\",\"valueRequired\":true,\"valueName\":\"search_term_string\"}}],\"inLanguage\":\"en-GB\"},{\"@type\":\"Organization\",\"@id\":\"https:\/\/www.siopack.eu\/fr\/#organization\",\"name\":\"NP\u00ae SiOPack\u00ae\",\"url\":\"https:\/\/www.siopack.eu\/fr\/\",\"logo\":{\"@type\":\"ImageObject\",\"inLanguage\":\"en-GB\",\"@id\":\"https:\/\/www.siopack.eu\/fr\/#\/schema\/logo\/image\/\",\"url\":\"https:\/\/www.siopack.eu\/wp-content\/uploads\/2022\/05\/SiOPack-Logo-weiss.svg\",\"contentUrl\":\"https:\/\/www.siopack.eu\/wp-content\/uploads\/2022\/05\/SiOPack-Logo-weiss.svg\",\"width\":5000,\"height\":5000,\"caption\":\"NP\u00ae SiOPack\u00ae\"},\"image\":{\"@id\":\"https:\/\/www.siopack.eu\/fr\/#\/schema\/logo\/image\/\"}}]}<\/script>\n<!-- \/ Yoast SEO plugin. -->","yoast_head_json":{"title":"Impressum - NP\u00ae SiOPack\u00ae","robots":{"index":"index","follow":"follow","max-snippet":"max-snippet:-1","max-image-preview":"max-image-preview:large","max-video-preview":"max-video-preview:-1"},"canonical":"https:\/\/www.siopack.eu\/en\/impressum\/","og_locale":"en_GB","og_type":"article","og_title":"Impressum - NP\u00ae SiOPack\u00ae","og_description":"nanopool GmbHZum Felsacker 76 66773 SchwalbachDeutschland Gesch\u00e4ftsf\u00fchrer\/in: Sascha Schwindt Internet: www.siopack.deTelefon: 068318902712Telefax: 068318902715E-Mail: info@nanopool.eu Sitz der Gesellschaft: SchwalbachRegistergericht: Amtsgericht Saarbr\u00fccken Registernummer: HRB12596Ust-ID: DE221857479 Haftung f\u00fcr Inhalte Die ...","og_url":"https:\/\/www.siopack.eu\/en\/impressum\/","og_site_name":"NP\u00ae SiOPack\u00ae","article_modified_time":"2022-10-19T11:14:59+00:00","twitter_card":"summary_large_image","twitter_misc":{"Estimated reading time":"3 minutes"},"schema":{"@context":"https:\/\/schema.org","@graph":[{"@type":"WebPage","@id":"https:\/\/www.siopack.eu\/fr\/impressum\/","url":"https:\/\/www.siopack.eu\/fr\/impressum\/","name":"Impressum - NP\u00ae SiOPack\u00ae","isPartOf":{"@id":"https:\/\/www.siopack.eu\/fr\/#website"},"datePublished":"2020-10-29T15:08:08+00:00","dateModified":"2022-10-19T11:14:59+00:00","breadcrumb":{"@id":"https:\/\/www.siopack.eu\/fr\/impressum\/#breadcrumb"},"inLanguage":"en-GB","potentialAction":[{"@type":"ReadAction","target":["https:\/\/www.siopack.eu\/fr\/impressum\/"]}]},{"@type":"BreadcrumbList","@id":"https:\/\/www.siopack.eu\/fr\/impressum\/#breadcrumb","itemListElement":[{"@type":"ListItem","position":1,"name":"Start","item":"https:\/\/www.siopack.eu\/"},{"@type":"ListItem","position":2,"name":"Impressum"}]},{"@type":"WebSite","@id":"https:\/\/www.siopack.eu\/fr\/#website","url":"https:\/\/www.siopack.eu\/fr\/","name":"NP\u00ae SiOPack\u00ae","description":"Sustainable packaging with NP\u00ae SiOPack\u00ae","publisher":{"@id":"https:\/\/www.siopack.eu\/fr\/#organization"},"potentialAction":[{"@type":"SearchAction","target":{"@type":"EntryPoint","urlTemplate":"https:\/\/www.siopack.eu\/fr\/?s={search_term_string}"},"query-input":{"@type":"PropertyValueSpecification","valueRequired":true,"valueName":"search_term_string"}}],"inLanguage":"en-GB"},{"@type":"Organization","@id":"https:\/\/www.siopack.eu\/fr\/#organization","name":"NP\u00ae SiOPack\u00ae","url":"https:\/\/www.siopack.eu\/fr\/","logo":{"@type":"ImageObject","inLanguage":"en-GB","@id":"https:\/\/www.siopack.eu\/fr\/#\/schema\/logo\/image\/","url":"https:\/\/www.siopack.eu\/wp-content\/uploads\/2022\/05\/SiOPack-Logo-weiss.svg","contentUrl":"https:\/\/www.siopack.eu\/wp-content\/uploads\/2022\/05\/SiOPack-Logo-weiss.svg","width":5000,"height":5000,"caption":"NP\u00ae SiOPack\u00ae"},"image":{"@id":"https:\/\/www.siopack.eu\/fr\/#\/schema\/logo\/image\/"}}]}},"_links":{"self":[{"href":"https:\/\/www.siopack.eu\/en\/wp-json\/wp\/v2\/pages\/625","targetHints":{"allow":["GET"]}}],"collection":[{"href":"https:\/\/www.siopack.eu\/en\/wp-json\/wp\/v2\/pages"}],"about":[{"href":"https:\/\/www.siopack.eu\/en\/wp-json\/wp\/v2\/types\/page"}],"author":[{"embeddable":true,"href":"https:\/\/www.siopack.eu\/en\/wp-json\/wp\/v2\/users\/1"}],"replies":[{"embeddable":true,"href":"https:\/\/www.siopack.eu\/en\/wp-json\/wp\/v2\/comments?post=625"}],"version-history":[{"count":35,"href":"https:\/\/www.siopack.eu\/en\/wp-json\/wp\/v2\/pages\/625\/revisions"}],"predecessor-version":[{"id":1745,"href":"https:\/\/www.siopack.eu\/en\/wp-json\/wp\/v2\/pages\/625\/revisions\/1745"}],"wp:attachment":[{"href":"https:\/\/www.siopack.eu\/en\/wp-json\/wp\/v2\/media?parent=625"}],"curies":[{"name":"wp","href":"https:\/\/api.w.org\/{rel}","templated":true}]}}