{"id":62,"date":"2018-09-10T14:21:06","date_gmt":"2018-09-10T14:21:06","guid":{"rendered":"http:\/\/demo.cocobasic.com\/seppo-wp\/?page_id=62"},"modified":"2024-11-28T11:09:38","modified_gmt":"2024-11-28T11:09:38","slug":"application-examples","status":"publish","type":"page","link":"https:\/\/www.siopack.eu\/en\/anwendungsbeispiele\/","title":{"rendered":"Design"},"content":{"rendered":"<div data-elementor-type=\"wp-post\" data-elementor-id=\"62\" class=\"elementor elementor-62\" data-elementor-post-type=\"page\">\n\t\t\t\t\t\t<section class=\"elementor-section elementor-top-section elementor-element elementor-element-7bc2b60 elementor-section-boxed elementor-section-height-default elementor-section-height-default\" data-id=\"7bc2b60\" data-element_type=\"section\" data-e-type=\"section\" data-settings=\"{&quot;background_background&quot;:&quot;classic&quot;}\">\n\t\t\t\t\t\t<div class=\"elementor-container elementor-column-gap-default\">\n\t\t\t\t\t<div class=\"elementor-column elementor-col-100 elementor-top-column elementor-element elementor-element-3bab115\" data-id=\"3bab115\" data-element_type=\"column\" data-e-type=\"column\">\n\t\t\t<div class=\"elementor-widget-wrap elementor-element-populated\">\n\t\t\t\t\t\t<div class=\"elementor-element elementor-element-8a22dbf elementor-widget elementor-widget-spacer\" data-id=\"8a22dbf\" data-element_type=\"widget\" data-e-type=\"widget\" data-widget_type=\"spacer.default\">\n\t\t\t\t<div class=\"elementor-widget-container\">\n\t\t\t\t\t\t\t<div class=\"elementor-spacer\">\n\t\t\t<div class=\"elementor-spacer-inner\"><\/div>\n\t\t<\/div>\n\t\t\t\t\t\t<\/div>\n\t\t\t\t<\/div>\n\t\t\t\t<div class=\"elementor-element elementor-element-0a0f7fe elementor-widget elementor-widget-heading\" data-id=\"0a0f7fe\" data-element_type=\"widget\" data-e-type=\"widget\" data-widget_type=\"heading.default\">\n\t\t\t\t<div class=\"elementor-widget-container\">\n\t\t\t\t\t<h2 class=\"elementor-heading-title elementor-size-default\">Advanced industrial manufacturing and versatile application of NP<sup>\u00ae<\/sup> SiOPack<sup>\u00ae<\/sup><\/h2>\t\t\t\t<\/div>\n\t\t\t\t<\/div>\n\t\t\t\t<div class=\"elementor-element elementor-element-b3bcf3b elementor-widget elementor-widget-text-editor\" data-id=\"b3bcf3b\" data-element_type=\"widget\" data-e-type=\"widget\" data-widget_type=\"text-editor.default\">\n\t\t\t\t<div class=\"elementor-widget-container\">\n\t\t\t\t\t\t\t\t\tThe NP<sup>\u00ae<\/sup> SiOPack<sup>\u00ae<\/sup> barrier coating sets new standards in the packaging industry by not only maintaining but enhancing the performance and aesthetics of packaging. Compared to traditional PE-laminated containers, NP<sup>\u00ae<\/sup> \u00a0SiOPack<sup>\u00ae<\/sup> offers superior protection without compromising the natural properties of the raw material. Both visually and to the touch, there is no discernible difference from uncoated materials, yet NP<sup>\u00ae<\/sup> SiOPack<sup>\u00ae<\/sup> provides enhanced protection, covering all pinholes and edges.\t\t\t\t\t\t\t\t<\/div>\n\t\t\t\t<\/div>\n\t\t\t\t<div class=\"elementor-element elementor-element-d74df66 elementor-widget elementor-widget-spacer\" data-id=\"d74df66\" data-element_type=\"widget\" data-e-type=\"widget\" data-widget_type=\"spacer.default\">\n\t\t\t\t<div class=\"elementor-widget-container\">\n\t\t\t\t\t\t\t<div class=\"elementor-spacer\">\n\t\t\t<div class=\"elementor-spacer-inner\"><\/div>\n\t\t<\/div>\n\t\t\t\t\t\t<\/div>\n\t\t\t\t<\/div>\n\t\t\t\t<div class=\"elementor-element elementor-element-69603e7 elementor-widget elementor-widget-text-editor\" data-id=\"69603e7\" data-element_type=\"widget\" data-e-type=\"widget\" data-widget_type=\"text-editor.default\">\n\t\t\t\t<div class=\"elementor-widget-container\">\n\t\t\t\t\t\t\t\t\t<h6><span style=\"color: #025959;\"><strong>Unlimited design freedom<\/strong> <\/span><\/h6><p>The innovative NP<sup>\u00ae<\/sup> SiOPack<sup>\u00ae<\/sup> solution can be applied both before and after the printing process, as well as to already finished products. This flexibility allows designers and manufacturers to work without creative limitations. Packaging can be customised to meet individual requirements without sacrificing the protective functionality of the coating.<\/p><p>The application of NP<sup>\u00ae<\/sup> SiOPack<sup>\u00ae<\/sup> enables the development of environmentally friendly and visually appealing packaging solutions that are both functional and attractive. This opens up new opportunities for brands to stand out from the competition with innovative and sustainable packaging.<\/p>\t\t\t\t\t\t\t\t<\/div>\n\t\t\t\t<\/div>\n\t\t\t\t\t<\/div>\n\t\t<\/div>\n\t\t\t\t\t<\/div>\n\t\t<\/section>\n\t\t\t\t<section class=\"elementor-section elementor-top-section elementor-element elementor-element-cf6ae48 elementor-section-stretched elementor-section-boxed elementor-section-height-default elementor-section-height-default\" data-id=\"cf6ae48\" data-element_type=\"section\" data-e-type=\"section\" data-settings=\"{&quot;stretch_section&quot;:&quot;section-stretched&quot;,&quot;background_background&quot;:&quot;classic&quot;}\">\n\t\t\t\t\t\t\t<div class=\"elementor-background-overlay\"><\/div>\n\t\t\t\t\t\t\t<div class=\"elementor-container elementor-column-gap-default\">\n\t\t\t\t\t<div class=\"elementor-column elementor-col-100 elementor-top-column elementor-element elementor-element-9e766e4\" data-id=\"9e766e4\" data-element_type=\"column\" data-e-type=\"column\">\n\t\t\t<div class=\"elementor-widget-wrap elementor-element-populated\">\n\t\t\t\t\t\t<div class=\"elementor-element elementor-element-ada4099 elementor-widget elementor-widget-heading\" data-id=\"ada4099\" data-element_type=\"widget\" data-e-type=\"widget\" data-widget_type=\"heading.default\">\n\t\t\t\t<div class=\"elementor-widget-container\">\n\t\t\t\t\t<h2 class=\"elementor-heading-title elementor-size-default\">NP<sup>\u00ae<\/sup> SiOPack<sup>\u00ae<\/sup>: Sustainable packaging solutions without compromise<\/h2>\t\t\t\t<\/div>\n\t\t\t\t<\/div>\n\t\t\t\t<div class=\"elementor-element elementor-element-8fce710 elementor-widget elementor-widget-text-editor\" data-id=\"8fce710\" data-element_type=\"widget\" data-e-type=\"widget\" data-widget_type=\"text-editor.default\">\n\t\t\t\t<div class=\"elementor-widget-container\">\n\t\t\t\t\t\t\t\t\t<p>In an era where many initiatives to reduce CO<sub>2<\/sub>&nbsp;emissions and plastic waste are either inefficient or mere greenwashing, NP<sup>\u00ae<\/sup> SiOPack<sup>\u00ae<\/sup> offers a genuine alternative. Our coating technology delivers reliable results with minimal effort, significantly reducing the use of plastics<\/p><p>NP<sup>\u00ae<\/sup> SiOPack<sup>\u00ae<\/sup> revolutionises the packaging industry by combining the benefits of lightweight, flexible paper or natural fibres with the safety and durability of glass. This eliminates the need for plastics or PE coatings.<\/p><p>Our unique, patented process enhances the functional properties of eco-friendly raw materials. The packaging becomes superhydrophobic, meaning it can safely come into contact with food or liquids of any kind without compromising its recyclability.<\/p>\t\t\t\t\t\t\t\t<\/div>\n\t\t\t\t<\/div>\n\t\t\t\t\t<\/div>\n\t\t<\/div>\n\t\t\t\t\t<\/div>\n\t\t<\/section>\n\t\t\t\t<section class=\"elementor-section elementor-top-section elementor-element elementor-element-5019407 elementor-section-stretched elementor-section-boxed elementor-section-height-default elementor-section-height-default\" data-id=\"5019407\" data-element_type=\"section\" data-e-type=\"section\" data-settings=\"{&quot;stretch_section&quot;:&quot;section-stretched&quot;,&quot;background_background&quot;:&quot;classic&quot;}\">\n\t\t\t\t\t\t\t<div class=\"elementor-background-overlay\"><\/div>\n\t\t\t\t\t\t\t<div class=\"elementor-container elementor-column-gap-default\">\n\t\t\t\t\t<div class=\"elementor-column elementor-col-50 elementor-top-column elementor-element elementor-element-45070ad\" data-id=\"45070ad\" data-element_type=\"column\" data-e-type=\"column\">\n\t\t\t<div class=\"elementor-widget-wrap elementor-element-populated\">\n\t\t\t\t\t\t<div class=\"elementor-element elementor-element-859dc8c elementor-widget elementor-widget-image\" data-id=\"859dc8c\" data-element_type=\"widget\" data-e-type=\"widget\" data-widget_type=\"image.default\">\n\t\t\t\t<div class=\"elementor-widget-container\">\n\t\t\t\t\t\t\t\t\t\t\t\t\t\t\t<img fetchpriority=\"high\" decoding=\"async\" width=\"669\" height=\"502\" src=\"https:\/\/www.siopack.eu\/wp-content\/uploads\/2022\/10\/gebogen-1.png\" class=\"attachment-large size-large wp-image-1489\" alt=\"\" srcset=\"https:\/\/www.siopack.eu\/wp-content\/uploads\/2022\/10\/gebogen-1.png 669w, https:\/\/www.siopack.eu\/wp-content\/uploads\/2022\/10\/gebogen-1-300x225.png 300w, https:\/\/www.siopack.eu\/wp-content\/uploads\/2022\/10\/gebogen-1-16x12.png 16w\" sizes=\"(max-width: 669px) 100vw, 669px\" \/>\t\t\t\t\t\t\t\t\t\t\t\t\t\t\t<\/div>\n\t\t\t\t<\/div>\n\t\t\t\t\t<\/div>\n\t\t<\/div>\n\t\t\t\t<div class=\"elementor-column elementor-col-50 elementor-top-column elementor-element elementor-element-93e68e3\" data-id=\"93e68e3\" data-element_type=\"column\" data-e-type=\"column\">\n\t\t\t<div class=\"elementor-widget-wrap elementor-element-populated\">\n\t\t\t\t\t\t<div class=\"elementor-element elementor-element-af6ae7e elementor-widget elementor-widget-spacer\" data-id=\"af6ae7e\" data-element_type=\"widget\" data-e-type=\"widget\" data-widget_type=\"spacer.default\">\n\t\t\t\t<div class=\"elementor-widget-container\">\n\t\t\t\t\t\t\t<div class=\"elementor-spacer\">\n\t\t\t<div class=\"elementor-spacer-inner\"><\/div>\n\t\t<\/div>\n\t\t\t\t\t\t<\/div>\n\t\t\t\t<\/div>\n\t\t\t\t<div class=\"elementor-element elementor-element-980106c elementor-widget elementor-widget-text-editor\" data-id=\"980106c\" data-element_type=\"widget\" data-e-type=\"widget\" data-widget_type=\"text-editor.default\">\n\t\t\t\t<div class=\"elementor-widget-container\">\n\t\t\t\t\t\t\t\t\t<p>Scanning Electron Microscope (SEM) image of a curved fibre demonstrating structural changes under mechanical stress. In the inner curve, the material is compressed, while the outer edge is stretched, yet no signs of cracking are visible. This highlights the material's flexibility and mechanical durability.<\/p>\t\t\t\t\t\t\t\t<\/div>\n\t\t\t\t<\/div>\n\t\t\t\t\t<\/div>\n\t\t<\/div>\n\t\t\t\t\t<\/div>\n\t\t<\/section>\n\t\t\t\t<\/div>","protected":false},"excerpt":{"rendered":"<p>Advanced industrial production and versatile application of NP\u00ae SiOPack\u00ae The NP\u00ae SiOPack\u00ae barrier coating sets new standards in the packaging industry by improving the performance and aesthetics of packaging ...<\/p>","protected":false},"author":1,"featured_media":0,"parent":0,"menu_order":7,"comment_status":"closed","ping_status":"closed","template":"elementor_header_footer","meta":{"inline_featured_image":false,"_themeisle_gutenberg_block_has_review":false,"footnotes":""},"class_list":["post-62","page","type-page","status-publish","hentry"],"yoast_head":"<!-- This site is optimized with the Yoast SEO plugin v27.4 - https:\/\/yoast.com\/product\/yoast-seo-wordpress\/ -->\n<title>Design - NP\u00ae SiOPack\u00ae<\/title>\n<meta name=\"robots\" content=\"index, follow, max-snippet:-1, max-image-preview:large, max-video-preview:-1\" \/>\n<link rel=\"canonical\" href=\"https:\/\/www.siopack.eu\/en\/application-examples\/\" \/>\n<meta property=\"og:locale\" content=\"en_GB\" \/>\n<meta property=\"og:type\" content=\"article\" \/>\n<meta property=\"og:title\" content=\"Design - NP\u00ae SiOPack\u00ae\" \/>\n<meta property=\"og:description\" content=\"Fortschrittliche industrielle Herstellung und vielseitige Anwendung von NP\u00ae SiOPack\u00ae Die NP\u00ae SiOPack\u00ae Barrierebeschichtung setzt neue Ma\u00dfst\u00e4be in der Verpackungsindustrie, indem sie die Leistung und \u00c4sthetik von Verpackungen ...\" \/>\n<meta property=\"og:url\" content=\"https:\/\/www.siopack.eu\/en\/application-examples\/\" \/>\n<meta property=\"og:site_name\" content=\"NP\u00ae SiOPack\u00ae\" \/>\n<meta property=\"article:modified_time\" content=\"2024-11-28T11:09:38+00:00\" \/>\n<meta property=\"og:image\" content=\"https:\/\/www.siopack.eu\/wp-content\/uploads\/2022\/10\/gebogen-1.png\" \/>\n\t<meta property=\"og:image:width\" content=\"669\" \/>\n\t<meta property=\"og:image:height\" content=\"502\" \/>\n\t<meta property=\"og:image:type\" content=\"image\/png\" \/>\n<meta name=\"twitter:card\" content=\"summary_large_image\" \/>\n<meta name=\"twitter:label1\" content=\"Estimated reading time\" \/>\n\t<meta name=\"twitter:data1\" content=\"2 minutes\" \/>\n<script type=\"application\/ld+json\" class=\"yoast-schema-graph\">{\"@context\":\"https:\\\/\\\/schema.org\",\"@graph\":[{\"@type\":\"WebPage\",\"@id\":\"https:\\\/\\\/www.siopack.eu\\\/anwendungsbeispiele\\\/\",\"url\":\"https:\\\/\\\/www.siopack.eu\\\/anwendungsbeispiele\\\/\",\"name\":\"Design - NP\u00ae SiOPack\u00ae\",\"isPartOf\":{\"@id\":\"https:\\\/\\\/www.siopack.eu\\\/fr\\\/#website\"},\"primaryImageOfPage\":{\"@id\":\"https:\\\/\\\/www.siopack.eu\\\/anwendungsbeispiele\\\/#primaryimage\"},\"image\":{\"@id\":\"https:\\\/\\\/www.siopack.eu\\\/anwendungsbeispiele\\\/#primaryimage\"},\"thumbnailUrl\":\"https:\\\/\\\/www.siopack.eu\\\/wp-content\\\/uploads\\\/2022\\\/10\\\/gebogen-1.png\",\"datePublished\":\"2018-09-10T14:21:06+00:00\",\"dateModified\":\"2024-11-28T11:09:38+00:00\",\"breadcrumb\":{\"@id\":\"https:\\\/\\\/www.siopack.eu\\\/anwendungsbeispiele\\\/#breadcrumb\"},\"inLanguage\":\"en-GB\",\"potentialAction\":[{\"@type\":\"ReadAction\",\"target\":[\"https:\\\/\\\/www.siopack.eu\\\/anwendungsbeispiele\\\/\"]}]},{\"@type\":\"ImageObject\",\"inLanguage\":\"en-GB\",\"@id\":\"https:\\\/\\\/www.siopack.eu\\\/anwendungsbeispiele\\\/#primaryimage\",\"url\":\"https:\\\/\\\/www.siopack.eu\\\/wp-content\\\/uploads\\\/2022\\\/10\\\/gebogen-1.png\",\"contentUrl\":\"https:\\\/\\\/www.siopack.eu\\\/wp-content\\\/uploads\\\/2022\\\/10\\\/gebogen-1.png\"},{\"@type\":\"BreadcrumbList\",\"@id\":\"https:\\\/\\\/www.siopack.eu\\\/anwendungsbeispiele\\\/#breadcrumb\",\"itemListElement\":[{\"@type\":\"ListItem\",\"position\":1,\"name\":\"Start\",\"item\":\"https:\\\/\\\/www.siopack.eu\\\/\"},{\"@type\":\"ListItem\",\"position\":2,\"name\":\"Design\"}]},{\"@type\":\"WebSite\",\"@id\":\"https:\\\/\\\/www.siopack.eu\\\/fr\\\/#website\",\"url\":\"https:\\\/\\\/www.siopack.eu\\\/fr\\\/\",\"name\":\"NP\u00ae SiOPack\u00ae\",\"description\":\"Sustainable packaging with NP\u00ae SiOPack\u00ae\",\"publisher\":{\"@id\":\"https:\\\/\\\/www.siopack.eu\\\/fr\\\/#organization\"},\"potentialAction\":[{\"@type\":\"SearchAction\",\"target\":{\"@type\":\"EntryPoint\",\"urlTemplate\":\"https:\\\/\\\/www.siopack.eu\\\/fr\\\/?s={search_term_string}\"},\"query-input\":{\"@type\":\"PropertyValueSpecification\",\"valueRequired\":true,\"valueName\":\"search_term_string\"}}],\"inLanguage\":\"en-GB\"},{\"@type\":\"Organization\",\"@id\":\"https:\\\/\\\/www.siopack.eu\\\/fr\\\/#organization\",\"name\":\"NP\u00ae SiOPack\u00ae\",\"url\":\"https:\\\/\\\/www.siopack.eu\\\/fr\\\/\",\"logo\":{\"@type\":\"ImageObject\",\"inLanguage\":\"en-GB\",\"@id\":\"https:\\\/\\\/www.siopack.eu\\\/fr\\\/#\\\/schema\\\/logo\\\/image\\\/\",\"url\":\"https:\\\/\\\/www.siopack.eu\\\/wp-content\\\/uploads\\\/2022\\\/05\\\/SiOPack-Logo-weiss.svg\",\"contentUrl\":\"https:\\\/\\\/www.siopack.eu\\\/wp-content\\\/uploads\\\/2022\\\/05\\\/SiOPack-Logo-weiss.svg\",\"width\":5000,\"height\":5000,\"caption\":\"NP\u00ae SiOPack\u00ae\"},\"image\":{\"@id\":\"https:\\\/\\\/www.siopack.eu\\\/fr\\\/#\\\/schema\\\/logo\\\/image\\\/\"}}]}<\/script>\n<!-- \/ Yoast SEO plugin. -->","yoast_head_json":{"title":"Design - NP\u00ae SiOPack\u00ae","robots":{"index":"index","follow":"follow","max-snippet":"max-snippet:-1","max-image-preview":"max-image-preview:large","max-video-preview":"max-video-preview:-1"},"canonical":"https:\/\/www.siopack.eu\/en\/application-examples\/","og_locale":"en_GB","og_type":"article","og_title":"Design - NP\u00ae SiOPack\u00ae","og_description":"Fortschrittliche industrielle Herstellung und vielseitige Anwendung von NP\u00ae SiOPack\u00ae Die NP\u00ae SiOPack\u00ae Barrierebeschichtung setzt neue Ma\u00dfst\u00e4be in der Verpackungsindustrie, indem sie die Leistung und \u00c4sthetik von Verpackungen ...","og_url":"https:\/\/www.siopack.eu\/en\/application-examples\/","og_site_name":"NP\u00ae SiOPack\u00ae","article_modified_time":"2024-11-28T11:09:38+00:00","og_image":[{"width":669,"height":502,"url":"https:\/\/www.siopack.eu\/wp-content\/uploads\/2022\/10\/gebogen-1.png","type":"image\/png"}],"twitter_card":"summary_large_image","twitter_misc":{"Estimated reading time":"2 minutes"},"schema":{"@context":"https:\/\/schema.org","@graph":[{"@type":"WebPage","@id":"https:\/\/www.siopack.eu\/anwendungsbeispiele\/","url":"https:\/\/www.siopack.eu\/anwendungsbeispiele\/","name":"Design - NP\u00ae SiOPack\u00ae","isPartOf":{"@id":"https:\/\/www.siopack.eu\/fr\/#website"},"primaryImageOfPage":{"@id":"https:\/\/www.siopack.eu\/anwendungsbeispiele\/#primaryimage"},"image":{"@id":"https:\/\/www.siopack.eu\/anwendungsbeispiele\/#primaryimage"},"thumbnailUrl":"https:\/\/www.siopack.eu\/wp-content\/uploads\/2022\/10\/gebogen-1.png","datePublished":"2018-09-10T14:21:06+00:00","dateModified":"2024-11-28T11:09:38+00:00","breadcrumb":{"@id":"https:\/\/www.siopack.eu\/anwendungsbeispiele\/#breadcrumb"},"inLanguage":"en-GB","potentialAction":[{"@type":"ReadAction","target":["https:\/\/www.siopack.eu\/anwendungsbeispiele\/"]}]},{"@type":"ImageObject","inLanguage":"en-GB","@id":"https:\/\/www.siopack.eu\/anwendungsbeispiele\/#primaryimage","url":"https:\/\/www.siopack.eu\/wp-content\/uploads\/2022\/10\/gebogen-1.png","contentUrl":"https:\/\/www.siopack.eu\/wp-content\/uploads\/2022\/10\/gebogen-1.png"},{"@type":"BreadcrumbList","@id":"https:\/\/www.siopack.eu\/anwendungsbeispiele\/#breadcrumb","itemListElement":[{"@type":"ListItem","position":1,"name":"Start","item":"https:\/\/www.siopack.eu\/"},{"@type":"ListItem","position":2,"name":"Design"}]},{"@type":"WebSite","@id":"https:\/\/www.siopack.eu\/fr\/#website","url":"https:\/\/www.siopack.eu\/fr\/","name":"NP\u00ae SiOPack\u00ae","description":"Sustainable packaging with NP\u00ae SiOPack\u00ae","publisher":{"@id":"https:\/\/www.siopack.eu\/fr\/#organization"},"potentialAction":[{"@type":"SearchAction","target":{"@type":"EntryPoint","urlTemplate":"https:\/\/www.siopack.eu\/fr\/?s={search_term_string}"},"query-input":{"@type":"PropertyValueSpecification","valueRequired":true,"valueName":"search_term_string"}}],"inLanguage":"en-GB"},{"@type":"Organization","@id":"https:\/\/www.siopack.eu\/fr\/#organization","name":"NP\u00ae SiOPack\u00ae","url":"https:\/\/www.siopack.eu\/fr\/","logo":{"@type":"ImageObject","inLanguage":"en-GB","@id":"https:\/\/www.siopack.eu\/fr\/#\/schema\/logo\/image\/","url":"https:\/\/www.siopack.eu\/wp-content\/uploads\/2022\/05\/SiOPack-Logo-weiss.svg","contentUrl":"https:\/\/www.siopack.eu\/wp-content\/uploads\/2022\/05\/SiOPack-Logo-weiss.svg","width":5000,"height":5000,"caption":"NP\u00ae SiOPack\u00ae"},"image":{"@id":"https:\/\/www.siopack.eu\/fr\/#\/schema\/logo\/image\/"}}]}},"_links":{"self":[{"href":"https:\/\/www.siopack.eu\/en\/wp-json\/wp\/v2\/pages\/62","targetHints":{"allow":["GET"]}}],"collection":[{"href":"https:\/\/www.siopack.eu\/en\/wp-json\/wp\/v2\/pages"}],"about":[{"href":"https:\/\/www.siopack.eu\/en\/wp-json\/wp\/v2\/types\/page"}],"author":[{"embeddable":true,"href":"https:\/\/www.siopack.eu\/en\/wp-json\/wp\/v2\/users\/1"}],"replies":[{"embeddable":true,"href":"https:\/\/www.siopack.eu\/en\/wp-json\/wp\/v2\/comments?post=62"}],"version-history":[{"count":65,"href":"https:\/\/www.siopack.eu\/en\/wp-json\/wp\/v2\/pages\/62\/revisions"}],"predecessor-version":[{"id":1859,"href":"https:\/\/www.siopack.eu\/en\/wp-json\/wp\/v2\/pages\/62\/revisions\/1859"}],"wp:attachment":[{"href":"https:\/\/www.siopack.eu\/en\/wp-json\/wp\/v2\/media?parent=62"}],"curies":[{"name":"wp","href":"https:\/\/api.w.org\/{rel}","templated":true}]}}